{"id":23905,"date":"2022-09-21T10:05:38","date_gmt":"2022-09-21T10:05:38","guid":{"rendered":"http:\/\/www.lejadis.com\/?page_id=23905"},"modified":"2023-03-07T13:15:33","modified_gmt":"2023-03-07T13:15:33","slug":"amenities","status":"publish","type":"page","link":"https:\/\/www.lejadis.com\/fr\/luxury-suites-villa\/amenities\/","title":{"rendered":"\u00c9quipements g\u00e9n\u00e9raux de la chambre"},"content":{"rendered":"\t\t<div data-elementor-type=\"wp-page\" data-elementor-id=\"23905\" class=\"elementor elementor-23905 elementor-21713\" data-elementor-post-type=\"page\">\n\t\t\t\t\t\t<section class=\"elementor-section elementor-top-section elementor-element elementor-element-f9566a1 elementor-section-items-bottom elementor-section-height-min-height elementor-section-boxed elementor-section-height-default\" data-id=\"f9566a1\" data-element_type=\"section\" id=\"top\" data-settings=\"{&quot;background_background&quot;:&quot;classic&quot;}\">\n\t\t\t\t\t\t<div class=\"elementor-container elementor-column-gap-custom\">\n\t\t\t\t\t<div class=\"elementor-column elementor-col-100 elementor-top-column elementor-element elementor-element-f1bd481\" data-id=\"f1bd481\" data-element_type=\"column\">\n\t\t\t<div class=\"elementor-widget-wrap elementor-element-populated\">\n\t\t\t\t\t\t<div class=\"elementor-element elementor-element-1c42840 elementor-widget elementor-widget-heading\" data-id=\"1c42840\" data-element_type=\"widget\" data-widget_type=\"heading.default\">\n\t\t\t\t<div class=\"elementor-widget-container\">\n\t\t\t<style>\/*! elementor - v3.23.0 - 05-08-2024 *\/\n.elementor-heading-title{padding:0;margin:0;line-height:1}.elementor-widget-heading .elementor-heading-title[class*=elementor-size-]>a{color:inherit;font-size:inherit;line-height:inherit}.elementor-widget-heading .elementor-heading-title.elementor-size-small{font-size:15px}.elementor-widget-heading .elementor-heading-title.elementor-size-medium{font-size:19px}.elementor-widget-heading .elementor-heading-title.elementor-size-large{font-size:29px}.elementor-widget-heading .elementor-heading-title.elementor-size-xl{font-size:39px}.elementor-widget-heading .elementor-heading-title.elementor-size-xxl{font-size:59px}<\/style><h2 class=\"elementor-heading-title elementor-size-default\">\u00c9QUIPEMENTS G\u00c9N\u00c9RAUX DE LA CHAMBRE<\/h2>\t\t<\/div>\n\t\t\t\t<\/div>\n\t\t\t\t\t<\/div>\n\t\t<\/div>\n\t\t\t\t\t<\/div>\n\t\t<\/section>\n\t\t\t\t<section class=\"elementor-section elementor-top-section elementor-element elementor-element-a2747e3 booking-widget elementor-section-boxed elementor-section-height-default elementor-section-height-default\" data-id=\"a2747e3\" data-element_type=\"section\">\n\t\t\t\t\t\t<div class=\"elementor-container elementor-column-gap-custom\">\n\t\t\t\t\t<div class=\"elementor-column elementor-col-100 elementor-top-column elementor-element elementor-element-71f0cee\" data-id=\"71f0cee\" data-element_type=\"column\">\n\t\t\t<div class=\"elementor-widget-wrap elementor-element-populated\">\n\t\t\t\t\t\t<div class=\"elementor-element elementor-element-da058d9 elementor-widget elementor-widget-global elementor-global-16241 elementor-widget-html\" data-id=\"da058d9\" data-element_type=\"widget\" data-widget_type=\"html.default\">\n\t\t\t\t<div class=\"elementor-widget-container\">\n\t\t\t<script src=\"https:\/\/hotels.cloudbeds.com\/widget\/load\/KziUki\/horiz?newWindow=1\"><\/script>\r\n\r\n\t\t<\/div>\n\t\t\t\t<\/div>\n\t\t\t\t\t<\/div>\n\t\t<\/div>\n\t\t\t\t\t<\/div>\n\t\t<\/section>\n\t\t\t\t<section class=\"elementor-section elementor-top-section elementor-element elementor-element-c90bc7a elementor-section-boxed elementor-section-height-default elementor-section-height-default\" data-id=\"c90bc7a\" data-element_type=\"section\">\n\t\t\t\t\t\t<div class=\"elementor-container elementor-column-gap-custom\">\n\t\t\t\t\t<div class=\"elementor-column elementor-col-100 elementor-top-column elementor-element elementor-element-c2dc59b\" data-id=\"c2dc59b\" data-element_type=\"column\">\n\t\t\t<div class=\"elementor-widget-wrap elementor-element-populated\">\n\t\t\t\t\t\t<div class=\"elementor-element elementor-element-68dbacc elementor-widget elementor-widget-global elementor-global-21961 elementor-widget-breadcrumbs\" data-id=\"68dbacc\" data-element_type=\"widget\" data-widget_type=\"breadcrumbs.default\">\n\t\t\t\t<div class=\"elementor-widget-container\">\n\t\t\t<link rel=\"stylesheet\" href=\"https:\/\/www.lejadis.com\/wp-content\/plugins\/elementor-pro\/assets\/css\/widget-theme-elements.min.css?ver=1724973211\"><p id=\"breadcrumbs\"><span><span><a href=\"https:\/\/www.lejadis.com\/fr\/\">Accueil<\/a><\/span><\/span><\/p>\t\t<\/div>\n\t\t\t\t<\/div>\n\t\t\t\t\t<\/div>\n\t\t<\/div>\n\t\t\t\t\t<\/div>\n\t\t<\/section>\n\t\t\t\t<section class=\"elementor-section elementor-top-section elementor-element elementor-element-338491c elementor-section-boxed elementor-section-height-default elementor-section-height-default\" data-id=\"338491c\" data-element_type=\"section\">\n\t\t\t\t\t\t<div class=\"elementor-container elementor-column-gap-custom\">\n\t\t\t\t\t<div class=\"elementor-column elementor-col-50 elementor-top-column elementor-element elementor-element-637cbc1\" data-id=\"637cbc1\" data-element_type=\"column\" data-settings=\"{&quot;background_background&quot;:&quot;classic&quot;}\">\n\t\t\t<div class=\"elementor-widget-wrap elementor-element-populated\">\n\t\t\t\t\t\t<div class=\"elementor-element elementor-element-024caea elementor-icon-list--layout-traditional elementor-list-item-link-full_width elementor-widget elementor-widget-icon-list\" data-id=\"024caea\" data-element_type=\"widget\" data-widget_type=\"icon-list.default\">\n\t\t\t\t<div class=\"elementor-widget-container\">\n\t\t\t<link rel=\"stylesheet\" href=\"https:\/\/www.lejadis.com\/wp-content\/uploads\/elementor\/css\/custom-widget-icon-list.min.css?ver=1728730711\">\t\t<ul class=\"elementor-icon-list-items\">\n\t\t\t\t\t\t\t<li class=\"elementor-icon-list-item\">\n\t\t\t\t\t\t\t\t\t\t<span class=\"elementor-icon-list-text\">\u00c9QUIPEMENTS ET CARACT\u00c9RISTIQUES DE LA CHAMBRE<\/span>\n\t\t\t\t\t\t\t\t\t<\/li>\n\t\t\t\t\t\t<\/ul>\n\t\t\t\t<\/div>\n\t\t\t\t<\/div>\n\t\t\t\t<div class=\"elementor-element elementor-element-c3361b4 elementor-widget elementor-widget-text-editor\" data-id=\"c3361b4\" data-element_type=\"widget\" data-widget_type=\"text-editor.default\">\n\t\t\t\t<div class=\"elementor-widget-container\">\n\t\t\t<style>\/*! elementor - v3.23.0 - 05-08-2024 *\/\n.elementor-widget-text-editor.elementor-drop-cap-view-stacked .elementor-drop-cap{background-color:#69727d;color:#fff}.elementor-widget-text-editor.elementor-drop-cap-view-framed .elementor-drop-cap{color:#69727d;border:3px solid;background-color:transparent}.elementor-widget-text-editor:not(.elementor-drop-cap-view-default) .elementor-drop-cap{margin-top:8px}.elementor-widget-text-editor:not(.elementor-drop-cap-view-default) .elementor-drop-cap-letter{width:1em;height:1em}.elementor-widget-text-editor .elementor-drop-cap{float:left;text-align:center;line-height:1;font-size:50px}.elementor-widget-text-editor .elementor-drop-cap-letter{display:inline-block}<\/style>\t\t\t\t<ul>\n<li>Parquet en bois massif, marbre et pierre naturelle<\/li>\n<li>Grand bureau de travail<\/li>\n<li>Nombreux tiroirs et placards de rangement<\/li>\n<li>N\u00e9cessaire pour faire du th\u00e9 et du caf\u00e9, incluant Machine Nespresso avec dosettes de caf\u00e9 gratuites<\/li>\n<li>Minibar<\/li>\n<li>Coffre-fort \u00e9lectronique dans la chambre<\/li>\n<li>Fer et table \u00e0 repasser<\/li>\n<li>Climatisation \u00e0 r\u00e9glage individuel et ventilateur de plafond<\/li>\n<li>Service de m\u00e9nage deux fois par jour<\/li>\n<li>Eau gratuite<\/li>\n<\/ul>\n\t\t\t\t\t\t<\/div>\n\t\t\t\t<\/div>\n\t\t\t\t<div class=\"elementor-element elementor-element-60305f4 elementor-icon-list--layout-traditional elementor-list-item-link-full_width elementor-widget elementor-widget-icon-list\" data-id=\"60305f4\" data-element_type=\"widget\" data-widget_type=\"icon-list.default\">\n\t\t\t\t<div class=\"elementor-widget-container\">\n\t\t\t\t\t<ul class=\"elementor-icon-list-items\">\n\t\t\t\t\t\t\t<li class=\"elementor-icon-list-item\">\n\t\t\t\t\t\t\t\t\t\t<span class=\"elementor-icon-list-text\">TECHNOLOGIE<\/span>\n\t\t\t\t\t\t\t\t\t<\/li>\n\t\t\t\t\t\t<\/ul>\n\t\t\t\t<\/div>\n\t\t\t\t<\/div>\n\t\t\t\t<div class=\"elementor-element elementor-element-8f180a5 elementor-widget elementor-widget-text-editor\" data-id=\"8f180a5\" data-element_type=\"widget\" data-widget_type=\"text-editor.default\">\n\t\t\t\t<div class=\"elementor-widget-container\">\n\t\t\t\t\t\t\t<ul>\n<li>Wi-fi haut d\u00e9bit gratuit<\/li>\n<li>T\u00e9l\u00e9vision LED ou LCD avec acc\u00e8s complet au c\u00e2ble<\/li>\n<li>Ipod, lecteur audio CD-USB (sauf suites Lagoona de luxe, suites sanctuaire bien-\u00eatre)<\/li>\n<\/ul>\n\t\t\t\t\t\t<\/div>\n\t\t\t\t<\/div>\n\t\t\t\t<div class=\"elementor-element elementor-element-46215d5 elementor-icon-list--layout-traditional elementor-list-item-link-full_width elementor-widget elementor-widget-icon-list\" data-id=\"46215d5\" data-element_type=\"widget\" data-widget_type=\"icon-list.default\">\n\t\t\t\t<div class=\"elementor-widget-container\">\n\t\t\t\t\t<ul class=\"elementor-icon-list-items\">\n\t\t\t\t\t\t\t<li class=\"elementor-icon-list-item\">\n\t\t\t\t\t\t\t\t\t\t<span class=\"elementor-icon-list-text\">SERVICE DE VALEUR AVEC SUPPL\u00c9MENT<\/span>\n\t\t\t\t\t\t\t\t\t<\/li>\n\t\t\t\t\t\t<\/ul>\n\t\t\t\t<\/div>\n\t\t\t\t<\/div>\n\t\t\t\t<div class=\"elementor-element elementor-element-250a99d elementor-widget elementor-widget-text-editor\" data-id=\"250a99d\" data-element_type=\"widget\" data-widget_type=\"text-editor.default\">\n\t\t\t\t<div class=\"elementor-widget-container\">\n\t\t\t\t\t\t\t<ul>\n<li>D\u00eener 24 heures sur 24 en suite ou dans la villa<\/li>\n<li>Mise en sc\u00e8ne d\u2019un moment intime<\/li>\n<li>Bain romantique<\/li>\n<\/ul>\n\t\t\t\t\t\t<\/div>\n\t\t\t\t<\/div>\n\t\t\t\t\t<\/div>\n\t\t<\/div>\n\t\t\t\t<div class=\"elementor-column elementor-col-50 elementor-top-column elementor-element elementor-element-7c61f63\" data-id=\"7c61f63\" data-element_type=\"column\" data-settings=\"{&quot;background_background&quot;:&quot;classic&quot;}\">\n\t\t\t<div class=\"elementor-widget-wrap elementor-element-populated\">\n\t\t\t\t\t\t<div class=\"elementor-element elementor-element-ae7687e elementor-icon-list--layout-traditional elementor-list-item-link-full_width elementor-widget elementor-widget-icon-list\" data-id=\"ae7687e\" data-element_type=\"widget\" data-widget_type=\"icon-list.default\">\n\t\t\t\t<div class=\"elementor-widget-container\">\n\t\t\t\t\t<ul class=\"elementor-icon-list-items\">\n\t\t\t\t\t\t\t<li class=\"elementor-icon-list-item\">\n\t\t\t\t\t\t\t\t\t\t<span class=\"elementor-icon-list-text\">LITERIE ET BAIN<\/span>\n\t\t\t\t\t\t\t\t\t<\/li>\n\t\t\t\t\t\t<\/ul>\n\t\t\t\t<\/div>\n\t\t\t\t<\/div>\n\t\t\t\t<div class=\"elementor-element elementor-element-067533a elementor-widget elementor-widget-text-editor\" data-id=\"067533a\" data-element_type=\"widget\" data-widget_type=\"text-editor.default\">\n\t\t\t\t<div class=\"elementor-widget-container\">\n\t\t\t\t\t\t\t<p>&lt;ul&gt;<br \/>&lt;li&gt;Double coiffeuse incluant miroir \u00e0 maquillage et \u00e0 se raser (sauf sanctuaire bien-\u00eatre rubia avec jardin et sanctuaire bien-\u00eatre lys blanc) Peignoirs et pantoufles&lt;\/li&gt;<br \/>&lt;li&gt;Articles de toilette (note : nos emballages sont biod\u00e9gradables, 100 % sans arbres et imprim\u00e9s avec de l&rsquo;encre \u00e9cologique, ce qui \u00e9vite de polluer l&rsquo;eau et l&rsquo;air pendant la production)&lt;\/li&gt;<br \/>&lt;li&gt;Kit hygienehygi\u00e8ne personnelle&lt;\/li&gt;<br \/>&lt;li&gt;S\u00e8che-cheveux&lt;\/li&gt;<br \/>&lt;li&gt;Lit b\u00e9b\u00e9 (disponible sur demande et selon disponibilit\u00e9)&lt;\/li&gt;<br \/>&lt;li&gt;Lit d&rsquo;appoint (disponible sur demande et selon disponibilit\u00e9)&lt;\/li&gt;<br \/>&lt;\/ul&gt;<\/p>\n\t\t\t\t\t\t<\/div>\n\t\t\t\t<\/div>\n\t\t\t\t<div class=\"elementor-element elementor-element-9e95786 elementor-icon-list--layout-traditional elementor-list-item-link-full_width elementor-widget elementor-widget-icon-list\" data-id=\"9e95786\" data-element_type=\"widget\" data-widget_type=\"icon-list.default\">\n\t\t\t\t<div class=\"elementor-widget-container\">\n\t\t\t\t\t<ul class=\"elementor-icon-list-items\">\n\t\t\t\t\t\t\t<li class=\"elementor-icon-list-item\">\n\t\t\t\t\t\t\t\t\t\t<span class=\"elementor-icon-list-text\">COMMODIT\u00c9S DE LA PLAGE (gratuites) <\/span>\n\t\t\t\t\t\t\t\t\t<\/li>\n\t\t\t\t\t\t<\/ul>\n\t\t\t\t<\/div>\n\t\t\t\t<\/div>\n\t\t\t\t<div class=\"elementor-element elementor-element-2709ff7 elementor-widget elementor-widget-text-editor\" data-id=\"2709ff7\" data-element_type=\"widget\" data-widget_type=\"text-editor.default\">\n\t\t\t\t<div class=\"elementor-widget-container\">\n\t\t\t\t\t\t\t<ul>\n<li>Spray nettoyant pour lunettes<\/li>\n<li>Brumisateur rafra\u00eechissant pour le visage<\/li>\n<li>Eau froide<\/li>\n<li>Serviettes pour le visage<\/li>\n<\/ul>\n\t\t\t\t\t\t<\/div>\n\t\t\t\t<\/div>\n\t\t\t\t\t<\/div>\n\t\t<\/div>\n\t\t\t\t\t<\/div>\n\t\t<\/section>\n\t\t\t\t<\/div>\n\t\t","protected":false},"excerpt":{"rendered":"<p>\u00c9QUIPEMENTS G\u00c9N\u00c9RAUX DE LA CHAMBRE \u00c9QUIPEMENTS ET CARACT\u00c9RISTIQUES DE LA CHAMBRE Parquet en bois massif, marbre et pierre naturelle Grand bureau de travail Nombreux tiroirs et placards de rangement N\u00e9cessaire pour faire du th\u00e9 et du caf\u00e9, incluant Machine Nespresso avec dosettes de caf\u00e9 gratuites Minibar Coffre-fort \u00e9lectronique dans la chambre Fer et table \u00e0 [&hellip;]<\/p>\n","protected":false},"author":1,"featured_media":0,"parent":23685,"menu_order":0,"comment_status":"closed","ping_status":"closed","template":"elementor_header_footer","meta":{"_acf_changed":false,"footnotes":""},"categories":[1,133],"tags":[],"class_list":["post-23905","page","type-page","status-publish","hentry","category-uncategorized"],"acf":[],"yoast_head":"<!-- This site is optimized with the Yoast SEO plugin v27.4 - https:\/\/yoast.com\/product\/yoast-seo-wordpress\/ -->\n<title>\u00c9quipements g\u00e9n\u00e9raux de la chambre - Le Jadis Beach Resort &amp; Wellness Mauritius<\/title>\n<meta name=\"robots\" content=\"index, follow, max-snippet:-1, max-image-preview:large, max-video-preview:-1\" \/>\n<link rel=\"canonical\" href=\"https:\/\/www.lejadis.com\/fr\/luxury-suites-villa\/amenities\/\" \/>\n<meta property=\"og:locale\" content=\"fr_FR\" \/>\n<meta property=\"og:type\" content=\"article\" \/>\n<meta property=\"og:title\" content=\"\u00c9quipements g\u00e9n\u00e9raux de la chambre - Le Jadis Beach Resort &amp; Wellness Mauritius\" \/>\n<meta property=\"og:description\" content=\"\u00c9QUIPEMENTS G\u00c9N\u00c9RAUX DE LA CHAMBRE \u00c9QUIPEMENTS ET CARACT\u00c9RISTIQUES DE LA CHAMBRE Parquet en bois massif, marbre et pierre naturelle Grand bureau de travail Nombreux tiroirs et placards de rangement N\u00e9cessaire pour faire du th\u00e9 et du caf\u00e9, incluant Machine Nespresso avec dosettes de caf\u00e9 gratuites Minibar Coffre-fort \u00e9lectronique dans la chambre Fer et table \u00e0 [&hellip;]\" \/>\n<meta property=\"og:url\" content=\"https:\/\/www.lejadis.com\/fr\/luxury-suites-villa\/amenities\/\" \/>\n<meta property=\"og:site_name\" content=\"Le Jadis Beach Resort &amp; Wellness Mauritius\" \/>\n<meta property=\"article:publisher\" content=\"https:\/\/m.facebook.com\/LeJadisMauritius\/\" \/>\n<meta property=\"article:modified_time\" content=\"2023-03-07T13:15:33+00:00\" \/>\n<meta name=\"twitter:card\" content=\"summary_large_image\" \/>\n<meta name=\"twitter:label1\" content=\"Dur\u00e9e de lecture estim\u00e9e\" \/>\n\t<meta name=\"twitter:data1\" content=\"2 minutes\" \/>\n<script type=\"application\/ld+json\" class=\"yoast-schema-graph\">{\"@context\":\"https:\\\/\\\/schema.org\",\"@graph\":[{\"@type\":\"WebPage\",\"@id\":\"https:\\\/\\\/www.lejadis.com\\\/fr\\\/luxury-suites-villa\\\/amenities\\\/\",\"url\":\"https:\\\/\\\/www.lejadis.com\\\/fr\\\/luxury-suites-villa\\\/amenities\\\/\",\"name\":\"\u00c9quipements g\u00e9n\u00e9raux de la chambre - Le Jadis Beach Resort &amp; Wellness Mauritius\",\"isPartOf\":{\"@id\":\"https:\\\/\\\/www.lejadis.com\\\/fr\\\/#website\"},\"datePublished\":\"2022-09-21T10:05:38+00:00\",\"dateModified\":\"2023-03-07T13:15:33+00:00\",\"breadcrumb\":{\"@id\":\"https:\\\/\\\/www.lejadis.com\\\/fr\\\/luxury-suites-villa\\\/amenities\\\/#breadcrumb\"},\"inLanguage\":\"fr-FR\",\"potentialAction\":[{\"@type\":\"ReadAction\",\"target\":[\"https:\\\/\\\/www.lejadis.com\\\/fr\\\/luxury-suites-villa\\\/amenities\\\/\"]}]},{\"@type\":\"BreadcrumbList\",\"@id\":\"https:\\\/\\\/www.lejadis.com\\\/fr\\\/luxury-suites-villa\\\/amenities\\\/#breadcrumb\",\"itemListElement\":[{\"@type\":\"ListItem\",\"position\":1,\"name\":\"Accueil\",\"item\":\"https:\\\/\\\/www.lejadis.com\\\/fr\\\/\"},{\"@type\":\"ListItem\",\"position\":2,\"name\":\"Suites et villa de luxe\",\"item\":\"https:\\\/\\\/www.lejadis.com\\\/fr\\\/luxury-suites-and-villa\\\/\"},{\"@type\":\"ListItem\",\"position\":3,\"name\":\"\u00c9quipements g\u00e9n\u00e9raux de la chambre\"}]},{\"@type\":\"WebSite\",\"@id\":\"https:\\\/\\\/www.lejadis.com\\\/fr\\\/#website\",\"url\":\"https:\\\/\\\/www.lejadis.com\\\/fr\\\/\",\"name\":\"Le Jadis Beach Resort &amp; Wellness Mauritius\",\"description\":\"Best 5-Star Hotel\",\"publisher\":{\"@id\":\"https:\\\/\\\/www.lejadis.com\\\/fr\\\/#organization\"},\"potentialAction\":[{\"@type\":\"SearchAction\",\"target\":{\"@type\":\"EntryPoint\",\"urlTemplate\":\"https:\\\/\\\/www.lejadis.com\\\/fr\\\/?s={search_term_string}\"},\"query-input\":{\"@type\":\"PropertyValueSpecification\",\"valueRequired\":true,\"valueName\":\"search_term_string\"}}],\"inLanguage\":\"fr-FR\"},{\"@type\":\"Organization\",\"@id\":\"https:\\\/\\\/www.lejadis.com\\\/fr\\\/#organization\",\"name\":\"Le Jadis Beach Resort &amp; Wellness Mauritius\",\"url\":\"https:\\\/\\\/www.lejadis.com\\\/fr\\\/\",\"logo\":{\"@type\":\"ImageObject\",\"inLanguage\":\"fr-FR\",\"@id\":\"https:\\\/\\\/www.lejadis.com\\\/fr\\\/#\\\/schema\\\/logo\\\/image\\\/\",\"url\":\"https:\\\/\\\/www.lejadis.com\\\/wp-content\\\/uploads\\\/2022\\\/04\\\/logo-hover.webp\",\"contentUrl\":\"https:\\\/\\\/www.lejadis.com\\\/wp-content\\\/uploads\\\/2022\\\/04\\\/logo-hover.webp\",\"width\":247,\"height\":100,\"caption\":\"Le Jadis Beach Resort &amp; Wellness Mauritius\"},\"image\":{\"@id\":\"https:\\\/\\\/www.lejadis.com\\\/fr\\\/#\\\/schema\\\/logo\\\/image\\\/\"},\"sameAs\":[\"https:\\\/\\\/m.facebook.com\\\/LeJadisMauritius\\\/\"]}]}<\/script>\n<!-- \/ Yoast SEO plugin. -->","yoast_head_json":{"title":"\u00c9quipements g\u00e9n\u00e9raux de la chambre - Le Jadis Beach Resort &amp; Wellness Mauritius","robots":{"index":"index","follow":"follow","max-snippet":"max-snippet:-1","max-image-preview":"max-image-preview:large","max-video-preview":"max-video-preview:-1"},"canonical":"https:\/\/www.lejadis.com\/fr\/luxury-suites-villa\/amenities\/","og_locale":"fr_FR","og_type":"article","og_title":"\u00c9quipements g\u00e9n\u00e9raux de la chambre - Le Jadis Beach Resort &amp; Wellness Mauritius","og_description":"\u00c9QUIPEMENTS G\u00c9N\u00c9RAUX DE LA CHAMBRE \u00c9QUIPEMENTS ET CARACT\u00c9RISTIQUES DE LA CHAMBRE Parquet en bois massif, marbre et pierre naturelle Grand bureau de travail Nombreux tiroirs et placards de rangement N\u00e9cessaire pour faire du th\u00e9 et du caf\u00e9, incluant Machine Nespresso avec dosettes de caf\u00e9 gratuites Minibar Coffre-fort \u00e9lectronique dans la chambre Fer et table \u00e0 [&hellip;]","og_url":"https:\/\/www.lejadis.com\/fr\/luxury-suites-villa\/amenities\/","og_site_name":"Le Jadis Beach Resort &amp; Wellness Mauritius","article_publisher":"https:\/\/m.facebook.com\/LeJadisMauritius\/","article_modified_time":"2023-03-07T13:15:33+00:00","twitter_card":"summary_large_image","twitter_misc":{"Dur\u00e9e de lecture estim\u00e9e":"2 minutes"},"schema":{"@context":"https:\/\/schema.org","@graph":[{"@type":"WebPage","@id":"https:\/\/www.lejadis.com\/fr\/luxury-suites-villa\/amenities\/","url":"https:\/\/www.lejadis.com\/fr\/luxury-suites-villa\/amenities\/","name":"\u00c9quipements g\u00e9n\u00e9raux de la chambre - Le Jadis Beach Resort &amp; Wellness Mauritius","isPartOf":{"@id":"https:\/\/www.lejadis.com\/fr\/#website"},"datePublished":"2022-09-21T10:05:38+00:00","dateModified":"2023-03-07T13:15:33+00:00","breadcrumb":{"@id":"https:\/\/www.lejadis.com\/fr\/luxury-suites-villa\/amenities\/#breadcrumb"},"inLanguage":"fr-FR","potentialAction":[{"@type":"ReadAction","target":["https:\/\/www.lejadis.com\/fr\/luxury-suites-villa\/amenities\/"]}]},{"@type":"BreadcrumbList","@id":"https:\/\/www.lejadis.com\/fr\/luxury-suites-villa\/amenities\/#breadcrumb","itemListElement":[{"@type":"ListItem","position":1,"name":"Accueil","item":"https:\/\/www.lejadis.com\/fr\/"},{"@type":"ListItem","position":2,"name":"Suites et villa de luxe","item":"https:\/\/www.lejadis.com\/fr\/luxury-suites-and-villa\/"},{"@type":"ListItem","position":3,"name":"\u00c9quipements g\u00e9n\u00e9raux de la chambre"}]},{"@type":"WebSite","@id":"https:\/\/www.lejadis.com\/fr\/#website","url":"https:\/\/www.lejadis.com\/fr\/","name":"Le Jadis Beach Resort &amp; Wellness Mauritius","description":"Best 5-Star Hotel","publisher":{"@id":"https:\/\/www.lejadis.com\/fr\/#organization"},"potentialAction":[{"@type":"SearchAction","target":{"@type":"EntryPoint","urlTemplate":"https:\/\/www.lejadis.com\/fr\/?s={search_term_string}"},"query-input":{"@type":"PropertyValueSpecification","valueRequired":true,"valueName":"search_term_string"}}],"inLanguage":"fr-FR"},{"@type":"Organization","@id":"https:\/\/www.lejadis.com\/fr\/#organization","name":"Le Jadis Beach Resort &amp; Wellness Mauritius","url":"https:\/\/www.lejadis.com\/fr\/","logo":{"@type":"ImageObject","inLanguage":"fr-FR","@id":"https:\/\/www.lejadis.com\/fr\/#\/schema\/logo\/image\/","url":"https:\/\/www.lejadis.com\/wp-content\/uploads\/2022\/04\/logo-hover.webp","contentUrl":"https:\/\/www.lejadis.com\/wp-content\/uploads\/2022\/04\/logo-hover.webp","width":247,"height":100,"caption":"Le Jadis Beach Resort &amp; Wellness Mauritius"},"image":{"@id":"https:\/\/www.lejadis.com\/fr\/#\/schema\/logo\/image\/"},"sameAs":["https:\/\/m.facebook.com\/LeJadisMauritius\/"]}]}},"_links":{"self":[{"href":"https:\/\/www.lejadis.com\/fr\/wp-json\/wp\/v2\/pages\/23905","targetHints":{"allow":["GET"]}}],"collection":[{"href":"https:\/\/www.lejadis.com\/fr\/wp-json\/wp\/v2\/pages"}],"about":[{"href":"https:\/\/www.lejadis.com\/fr\/wp-json\/wp\/v2\/types\/page"}],"author":[{"embeddable":true,"href":"https:\/\/www.lejadis.com\/fr\/wp-json\/wp\/v2\/users\/1"}],"replies":[{"embeddable":true,"href":"https:\/\/www.lejadis.com\/fr\/wp-json\/wp\/v2\/comments?post=23905"}],"version-history":[{"count":1,"href":"https:\/\/www.lejadis.com\/fr\/wp-json\/wp\/v2\/pages\/23905\/revisions"}],"predecessor-version":[{"id":31328,"href":"https:\/\/www.lejadis.com\/fr\/wp-json\/wp\/v2\/pages\/23905\/revisions\/31328"}],"up":[{"embeddable":true,"href":"https:\/\/www.lejadis.com\/fr\/wp-json\/wp\/v2\/pages\/23685"}],"wp:attachment":[{"href":"https:\/\/www.lejadis.com\/fr\/wp-json\/wp\/v2\/media?parent=23905"}],"wp:term":[{"taxonomy":"category","embeddable":true,"href":"https:\/\/www.lejadis.com\/fr\/wp-json\/wp\/v2\/categories?post=23905"},{"taxonomy":"post_tag","embeddable":true,"href":"https:\/\/www.lejadis.com\/fr\/wp-json\/wp\/v2\/tags?post=23905"}],"curies":[{"name":"wp","href":"https:\/\/api.w.org\/{rel}","templated":true}]}}