{"id":40871,"date":"2024-11-07T09:52:42","date_gmt":"2024-11-07T09:52:42","guid":{"rendered":"https:\/\/www.lejadis.com\/?page_id=40871"},"modified":"2024-11-07T10:09:36","modified_gmt":"2024-11-07T10:09:36","slug":"reservas-y-cancelaciones","status":"publish","type":"page","link":"https:\/\/www.lejadis.com\/es\/reservas-y-cancelaciones\/","title":{"rendered":"Reservas y cancelaciones"},"content":{"rendered":"\t\t<div data-elementor-type=\"wp-page\" data-elementor-id=\"40871\" class=\"elementor elementor-40871 elementor-40868\" data-elementor-post-type=\"page\">\n\t\t\t\t\t\t<section class=\"elementor-section elementor-top-section elementor-element elementor-element-088598b elementor-section-items-bottom elementor-section-height-min-height elementor-section-boxed elementor-section-height-default\" data-id=\"088598b\" data-element_type=\"section\" id=\"top\" data-settings=\"{&quot;background_background&quot;:&quot;classic&quot;}\">\n\t\t\t\t\t\t<div class=\"elementor-container elementor-column-gap-custom\">\n\t\t\t\t\t<div class=\"elementor-column elementor-col-100 elementor-top-column elementor-element elementor-element-99a7b24\" data-id=\"99a7b24\" data-element_type=\"column\">\n\t\t\t<div class=\"elementor-widget-wrap elementor-element-populated\">\n\t\t\t\t\t\t<div class=\"elementor-element elementor-element-1e30bb9 elementor-widget elementor-widget-heading\" data-id=\"1e30bb9\" data-element_type=\"widget\" data-widget_type=\"heading.default\">\n\t\t\t\t<div class=\"elementor-widget-container\">\n\t\t\t<style>\/*! elementor - v3.23.0 - 05-08-2024 *\/\n.elementor-heading-title{padding:0;margin:0;line-height:1}.elementor-widget-heading .elementor-heading-title[class*=elementor-size-]>a{color:inherit;font-size:inherit;line-height:inherit}.elementor-widget-heading .elementor-heading-title.elementor-size-small{font-size:15px}.elementor-widget-heading .elementor-heading-title.elementor-size-medium{font-size:19px}.elementor-widget-heading .elementor-heading-title.elementor-size-large{font-size:29px}.elementor-widget-heading .elementor-heading-title.elementor-size-xl{font-size:39px}.elementor-widget-heading .elementor-heading-title.elementor-size-xxl{font-size:59px}<\/style><h2 class=\"elementor-heading-title elementor-size-default\">RESERVAS Y CANCELACIONES<\/h2>\t\t<\/div>\n\t\t\t\t<\/div>\n\t\t\t\t\t<\/div>\n\t\t<\/div>\n\t\t\t\t\t<\/div>\n\t\t<\/section>\n\t\t\t\t<section class=\"elementor-section elementor-top-section elementor-element elementor-element-ac8be7f booking-widget elementor-section-boxed elementor-section-height-default elementor-section-height-default\" data-id=\"ac8be7f\" data-element_type=\"section\">\n\t\t\t\t\t\t<div class=\"elementor-container elementor-column-gap-custom\">\n\t\t\t\t\t<div class=\"elementor-column elementor-col-100 elementor-top-column elementor-element elementor-element-7e08730\" data-id=\"7e08730\" data-element_type=\"column\">\n\t\t\t<div class=\"elementor-widget-wrap elementor-element-populated\">\n\t\t\t\t\t\t<div class=\"elementor-element elementor-element-fa428e5 elementor-widget elementor-widget-global elementor-global-16241 elementor-widget-html\" data-id=\"fa428e5\" data-element_type=\"widget\" data-widget_type=\"html.default\">\n\t\t\t\t<div class=\"elementor-widget-container\">\n\t\t\t<script src=\"https:\/\/hotels.cloudbeds.com\/widget\/load\/KziUki\/horiz?newWindow=1\"><\/script>\r\n\r\n\t\t<\/div>\n\t\t\t\t<\/div>\n\t\t\t\t\t<\/div>\n\t\t<\/div>\n\t\t\t\t\t<\/div>\n\t\t<\/section>\n\t\t\t\t<section class=\"elementor-section elementor-top-section elementor-element elementor-element-2bcb057 elementor-section-boxed elementor-section-height-default elementor-section-height-default\" data-id=\"2bcb057\" data-element_type=\"section\">\n\t\t\t\t\t\t<div class=\"elementor-container elementor-column-gap-custom\">\n\t\t\t\t\t<div class=\"elementor-column elementor-col-100 elementor-top-column elementor-element elementor-element-2c11a1b\" data-id=\"2c11a1b\" data-element_type=\"column\">\n\t\t\t<div class=\"elementor-widget-wrap elementor-element-populated\">\n\t\t\t\t\t\t<div class=\"elementor-element elementor-element-75a2a2e elementor-widget elementor-widget-global elementor-global-21961 elementor-widget-breadcrumbs\" data-id=\"75a2a2e\" data-element_type=\"widget\" data-widget_type=\"breadcrumbs.default\">\n\t\t\t\t<div class=\"elementor-widget-container\">\n\t\t\t<link rel=\"stylesheet\" href=\"https:\/\/www.lejadis.com\/wp-content\/plugins\/elementor-pro\/assets\/css\/widget-theme-elements.min.css?ver=1724973211\"><p id=\"breadcrumbs\"><span><span><a href=\"https:\/\/www.lejadis.com\/es\/\">Inicio<\/a><\/span><\/span><\/p>\t\t<\/div>\n\t\t\t\t<\/div>\n\t\t\t\t\t<\/div>\n\t\t<\/div>\n\t\t\t\t\t<\/div>\n\t\t<\/section>\n\t\t\t\t<section class=\"elementor-section elementor-top-section elementor-element elementor-element-0c9f577 elementor-section-boxed elementor-section-height-default elementor-section-height-default\" data-id=\"0c9f577\" data-element_type=\"section\">\n\t\t\t\t\t\t<div class=\"elementor-container elementor-column-gap-custom\">\n\t\t\t\t\t<div class=\"elementor-column elementor-col-100 elementor-top-column elementor-element elementor-element-a02eb99\" data-id=\"a02eb99\" data-element_type=\"column\">\n\t\t\t<div class=\"elementor-widget-wrap elementor-element-populated\">\n\t\t\t\t\t\t<div class=\"elementor-element elementor-element-706c47b elementor-widget elementor-widget-heading\" data-id=\"706c47b\" data-element_type=\"widget\" data-widget_type=\"heading.default\">\n\t\t\t\t<div class=\"elementor-widget-container\">\n\t\t\t<h2 class=\"elementor-heading-title elementor-size-default\">PREISE<\/h2>\t\t<\/div>\n\t\t\t\t<\/div>\n\t\t\t\t<div class=\"elementor-element elementor-element-3f3249d elementor-widget elementor-widget-text-editor\" data-id=\"3f3249d\" data-element_type=\"widget\" data-widget_type=\"text-editor.default\">\n\t\t\t\t<div class=\"elementor-widget-container\">\n\t\t\t<style>\/*! elementor - v3.23.0 - 05-08-2024 *\/\n.elementor-widget-text-editor.elementor-drop-cap-view-stacked .elementor-drop-cap{background-color:#69727d;color:#fff}.elementor-widget-text-editor.elementor-drop-cap-view-framed .elementor-drop-cap{color:#69727d;border:3px solid;background-color:transparent}.elementor-widget-text-editor:not(.elementor-drop-cap-view-default) .elementor-drop-cap{margin-top:8px}.elementor-widget-text-editor:not(.elementor-drop-cap-view-default) .elementor-drop-cap-letter{width:1em;height:1em}.elementor-widget-text-editor .elementor-drop-cap{float:left;text-align:center;line-height:1;font-size:50px}.elementor-widget-text-editor .elementor-drop-cap-letter{display:inline-block}<\/style>\t\t\t\t<ul><li style=\"font-weight: 400;\" aria-level=\"1\"><span style=\"font-weight: 400;\">Die Zimmerpreise sind in Euro (EUR) angegeben und gelten pro Suite\/Villa und Nacht.<\/span><\/li><li style=\"font-weight: 400;\" aria-level=\"1\"><span style=\"font-weight: 400;\">Die Preise unterliegen einer staatlichen Steuer von 15%.<\/span><\/li><li style=\"font-weight: 400;\" aria-level=\"1\"><span style=\"font-weight: 400;\">Die Preise, Inklusivleistungen und Zimmerbelegungen entsprechen den Angaben in Ihrer Buchungsbest\u00e4tigung, und die Preise k\u00f6nnen ohne vorherige Ank\u00fcndigung ge\u00e4ndert werden.<\/span><\/li><\/ul>\t\t\t\t\t\t<\/div>\n\t\t\t\t<\/div>\n\t\t\t\t<div class=\"elementor-element elementor-element-b642b1f elementor-widget elementor-widget-heading\" data-id=\"b642b1f\" data-element_type=\"widget\" data-widget_type=\"heading.default\">\n\t\t\t\t<div class=\"elementor-widget-container\">\n\t\t\t<h2 class=\"elementor-heading-title elementor-size-default\">ANKUNFT UND ABREISE<\/h2>\t\t<\/div>\n\t\t\t\t<\/div>\n\t\t\t\t<div class=\"elementor-element elementor-element-12a5833 elementor-widget elementor-widget-text-editor\" data-id=\"12a5833\" data-element_type=\"widget\" data-widget_type=\"text-editor.default\">\n\t\t\t\t<div class=\"elementor-widget-container\">\n\t\t\t\t\t\t\t<ul><li style=\"font-weight: 400;\" aria-level=\"1\"><span style=\"font-weight: 400;\">Check-in ist um 14:00 Uhr und Check-out um 12:00 Uhr.<\/span><\/li><li style=\"font-weight: 400;\" aria-level=\"1\"><span style=\"font-weight: 400;\">Fr\u00fches Einchecken und sp\u00e4tes Auschecken sind von der Verf\u00fcgbarkeit abh\u00e4ngig.<\/span><\/li><li style=\"font-weight: 400;\" aria-level=\"1\"><span style=\"font-weight: 400;\">Der Fr\u00fch-Check-in-Service erm\u00f6glicht es Ihnen, die Privatsph\u00e4re und den Komfort Ihrer Suite bereits vor der Check-in-Zeit von 14:00 Uhr zu genie\u00dfen. Wenn Sie einen garantierten fr\u00fchen Check-in in Anspruch nehmen m\u00f6chten, muss Ihre Suite\/Villa einen Tag vor Ihrem Anreisedatum gebucht werden.<\/span><\/li><li style=\"font-weight: 400;\" aria-level=\"1\"><span style=\"font-weight: 400;\">F\u00fcr einen sp\u00e4ten Check-out zwischen 12:00 und 18:00 Uhr werden 50 % des besten verf\u00fcgbaren Preises des Tages berechnet.<\/span><\/li><li style=\"font-weight: 400;\" aria-level=\"1\"><span style=\"font-weight: 400;\">Bei versp\u00e4tetem Check-out ab 18:00 Uhr werden 100% des besten verf\u00fcgbaren Preises des Tages berechnet.<\/span><\/li><li style=\"font-weight: 400;\" aria-level=\"1\"><span style=\"font-weight: 400;\">Sollte es nicht m\u00f6glich sein, den sp\u00e4ten Check-Out auf die Suite\/Villa, in der sich die G\u00e4ste aufhalten, auszudehnen, beh\u00e4lt sich das Hotel das Recht vor, je nach Verf\u00fcgbarkeit des Zimmers alternative Vorkehrungen zu treffen.<\/span><\/li><li style=\"font-weight: 400;\" aria-level=\"1\"><span style=\"font-weight: 400;\">Bei vorzeitiger Abreise oder Nichterscheinen (d.h. die Reservierung wird weder genutzt noch storniert) wird der Gesamtbetrag der best\u00e4tigten \u00dcbernachtungen f\u00fcr den gesamten Aufenthalt in Rechnung gestellt. Vorzeitige Abreisen oder Stornierungen aufgrund von schlechtem Wetter werden voll in Rechnung gestellt. <\/span><\/li><\/ul>\t\t\t\t\t\t<\/div>\n\t\t\t\t<\/div>\n\t\t\t\t<div class=\"elementor-element elementor-element-42159bc elementor-widget elementor-widget-heading\" data-id=\"42159bc\" data-element_type=\"widget\" data-widget_type=\"heading.default\">\n\t\t\t\t<div class=\"elementor-widget-container\">\n\t\t\t<h2 class=\"elementor-heading-title elementor-size-default\">ZUSCHL\u00c4GE F\u00dcR ZUS\u00c4TZLICHE G\u00c4STE UND KINDER<\/h2>\t\t<\/div>\n\t\t\t\t<\/div>\n\t\t\t\t<div class=\"elementor-element elementor-element-97b82b8 elementor-widget elementor-widget-text-editor\" data-id=\"97b82b8\" data-element_type=\"widget\" data-widget_type=\"text-editor.default\">\n\t\t\t\t<div class=\"elementor-widget-container\">\n\t\t\t\t\t\t\t<p><span style=\"font-weight: 400;\">Vorbehaltlich der maximalen Belegung pro Zimmer gilt f\u00fcr zus\u00e4tzliche G\u00e4ste in der Suite\/Villa Folgendes:<\/span><\/p>\t\t\t\t\t\t<\/div>\n\t\t\t\t<\/div>\n\t\t\t\t<div class=\"elementor-element elementor-element-0a3353b elementor-widget elementor-widget-text-editor\" data-id=\"0a3353b\" data-element_type=\"widget\" data-widget_type=\"text-editor.default\">\n\t\t\t\t<div class=\"elementor-widget-container\">\n\t\t\t\t\t\t\t<ul><li style=\"font-weight: 400;\" aria-level=\"1\"><span style=\"font-weight: 400;\">Ein S\u00e4ugling oder Kleinkind im Alter von 0 bis 2,99 Jahren wird kostenlos auf dem gleichen Mahlzeitenplan wie die Eltern gebucht. Dies beinhaltet bei Bedarf ein Kinderbett, abh\u00e4ngig von der Verf\u00fcgbarkeit.<\/span><\/li><li style=\"font-weight: 400;\" aria-level=\"1\"><span style=\"font-weight: 400;\">1 Kind (3-11,99 Jahre) &#8211; das ganze Jahr \u00fcber kostenlos auf dem gleichen Speiseplan gebucht wie die Eltern. F\u00fcr das Weihnachts-Gala-Dinner und das Silvester-Gala-Dinner wird ein obligatorischer Zuschlag erhoben.<\/span><\/li><li style=\"font-weight: 400;\" aria-level=\"1\"><span style=\"font-weight: 400;\">Gast (12+ Jahre) &#8211; nicht anwendbar.<\/span><\/li><li style=\"font-weight: 400;\" aria-level=\"1\"><span style=\"font-weight: 400;\">Haustiere sind nicht erlaubt.<\/span><\/li><\/ul>\t\t\t\t\t\t<\/div>\n\t\t\t\t<\/div>\n\t\t\t\t<div class=\"elementor-element elementor-element-03b0733 elementor-widget elementor-widget-heading\" data-id=\"03b0733\" data-element_type=\"widget\" data-widget_type=\"heading.default\">\n\t\t\t\t<div class=\"elementor-widget-container\">\n\t\t\t<h2 class=\"elementor-heading-title elementor-size-default\">RICHTLINIE ZUR ZAHLUNGSGARANTIE<\/h2>\t\t<\/div>\n\t\t\t\t<\/div>\n\t\t\t\t<div class=\"elementor-element elementor-element-3f29f66 elementor-widget elementor-widget-text-editor\" data-id=\"3f29f66\" data-element_type=\"widget\" data-widget_type=\"text-editor.default\">\n\t\t\t\t<div class=\"elementor-widget-container\">\n\t\t\t\t\t\t\t<ul><li>Se requiere una garant\u00eda de tarjeta de cr\u00e9dito v\u00e1lida al momento de la reserva y la reserva se considerar\u00e1 confirmada solo despu\u00e9s de procesar todos los pagos anticipados y pagos completos de acuerdo con los t\u00e9rminos a continuaci\u00f3n:<\/li><\/ul><p><u>Para el per\u00edodo de viaje del 7 de enero de 2024 al 25 de diciembre de 2024<\/u><\/p><p>\u2013 Se requiere el pago anticipado de una noche al momento de la reserva para confirmar la reserva.<\/p><p>\u2013 El pago total se abonar\u00e1 a la llegada al resort.<\/p><p><u>Para el per\u00edodo de viaje del 26 de diciembre de 2024 al 6 de enero de 2025<\/u><\/p><p>\u2013 Se requiere el pago anticipado del 50 % al momento de la reserva para confirmar la reserva.<\/p><p>\u2013 El pago total se abonar\u00e1 60 d\u00edas antes de la fecha de entrada.<\/p><p><u>Para el per\u00edodo de viaje del 7 de enero de 2025 al 25 de diciembre de 2025<\/u><\/p><p>\u2013 Se requiere el pago anticipado de una noche al momento de la reserva para confirmar la reserva.<\/p><p>\u2013 El pago total se abonar\u00e1 a la llegada al resort.<\/p><ul><li>El complejo se reserva el derecho de cancelar reservas sin previo aviso si se env\u00eda una tarjeta de cr\u00e9dito no v\u00e1lida o si no se recibe el pago anticipado o total a tiempo.<\/li><li>Se aceptan pagos con tarjeta de cr\u00e9dito o transferencia bancaria.<\/li><li>\u200b\u200bHay disponible un enlace de pago en l\u00ednea para pagos seguros con tarjeta de cr\u00e9dito.<\/li><li>El titular de la tarjeta de cr\u00e9dito utilizada para la reserva debe presentarla al momento del check-in junto con el pasaporte o un documento de identidad.<\/li><li>El hotel no acepta tarjetas de cr\u00e9dito de terceros.<\/li><\/ul><p>\u00a0<\/p>\t\t\t\t\t\t<\/div>\n\t\t\t\t<\/div>\n\t\t\t\t<div class=\"elementor-element elementor-element-6553f6b elementor-widget elementor-widget-heading\" data-id=\"6553f6b\" data-element_type=\"widget\" data-widget_type=\"heading.default\">\n\t\t\t\t<div class=\"elementor-widget-container\">\n\t\t\t<h2 class=\"elementor-heading-title elementor-size-default\">STORNIERUNGSBEDINGUNGEN<\/h2>\t\t<\/div>\n\t\t\t\t<\/div>\n\t\t\t\t<div class=\"elementor-element elementor-element-5b05120 elementor-widget elementor-widget-text-editor\" data-id=\"5b05120\" data-element_type=\"widget\" data-widget_type=\"text-editor.default\">\n\t\t\t\t<div class=\"elementor-widget-container\">\n\t\t\t\t\t\t\t<ul><li>Si no puede viajar (o utilizar el alojamiento y los servicios previamente confirmados), se pueden aplicar cargos por cancelaci\u00f3n.<\/li><li>Un cambio en las fechas de su reserva est\u00e1 sujeto a disponibilidad y puede resultar en un cambio de tarifa.<\/li><li>Una revisi\u00f3n realizada a una reserva tambi\u00e9n puede constituir una cancelaci\u00f3n.<\/li><li>En caso de acortar la duraci\u00f3n de la estad\u00eda, se aplicar\u00e1 la pol\u00edtica de cancelaci\u00f3n para las noches canceladas.<\/li><li>Si se debe reembolsar un dep\u00f3sito de reserva, tenga en cuenta que no se reembolsar\u00e1n los cargos de la tarjeta de cr\u00e9dito ni las fluctuaciones monetarias.<\/li><li>Los gastos de cancelaci\u00f3n, salida anticipada o no presentaci\u00f3n correr\u00e1n por cuenta del cliente y se cobrar\u00e1n de la siguiente manera:<\/li><\/ul><p><u>Para el per\u00edodo de viaje del 7 de enero de 2024 al 25 de diciembre de 2024<\/u><\/p><p>\u2013 Cancelaci\u00f3n gratuita hasta 7 d\u00edas antes de la llegada.<\/p><p>\u2013 Las cancelaciones realizadas con 6 d\u00edas o menos de antelaci\u00f3n a la llegada estar\u00e1n sujetas a una penalizaci\u00f3n equivalente al pago de una noche.<\/p><p>\u2013 Las no presentaciones estar\u00e1n sujetas a una penalizaci\u00f3n del 100 % del importe total de la estancia.<\/p><p><u>Para el per\u00edodo de viaje del 26 de diciembre de 2024 al 6 de enero de 2025<\/u><\/p><p>\u2013 Cancelaci\u00f3n gratuita hasta 60 d\u00edas antes de la llegada.<\/p><p>\u2013 Las cancelaciones realizadas con 59 d\u00edas o menos de antelaci\u00f3n a la llegada, o las no presentaciones, estar\u00e1n sujetas a una penalizaci\u00f3n equivalente al 100 % del importe total de la estancia.<\/p><p><u>Para el per\u00edodo de viaje del 7 de enero de 2025 al 25 de diciembre de 2025<\/u><\/p><p>\u2013 Cancelaci\u00f3n gratuita hasta 7 d\u00edas antes de la llegada.<\/p><p>\u2013 Las cancelaciones realizadas con 6 d\u00edas o menos de antelaci\u00f3n a la llegada estar\u00e1n sujetas a una penalizaci\u00f3n equivalente al pago de una noche.<\/p><p>\u2013 Las no presentaciones estar\u00e1n sujetas a una penalizaci\u00f3n del 100% del importe total de la estancia.<\/p>\t\t\t\t\t\t<\/div>\n\t\t\t\t<\/div>\n\t\t\t\t\t<\/div>\n\t\t<\/div>\n\t\t\t\t\t<\/div>\n\t\t<\/section>\n\t\t\t\t<\/div>\n\t\t","protected":false},"excerpt":{"rendered":"<p>RESERVAS Y CANCELACIONES PREISE Die Zimmerpreise sind in Euro (EUR) angegeben und gelten pro Suite\/Villa und Nacht. Die Preise unterliegen einer staatlichen Steuer von 15%. Die Preise, Inklusivleistungen und Zimmerbelegungen entsprechen den Angaben in Ihrer Buchungsbest\u00e4tigung, und die Preise k\u00f6nnen ohne vorherige Ank\u00fcndigung ge\u00e4ndert werden. ANKUNFT UND ABREISE Check-in ist um 14:00 Uhr und Check-out [&hellip;]<\/p>\n","protected":false},"author":7,"featured_media":0,"parent":0,"menu_order":0,"comment_status":"closed","ping_status":"closed","template":"elementor_header_footer","meta":{"_acf_changed":false,"footnotes":""},"categories":[1],"tags":[],"class_list":["post-40871","page","type-page","status-publish","hentry","category-uncategorized"],"acf":[],"yoast_head":"<!-- This site is optimized with the Yoast SEO plugin v27.5 - https:\/\/yoast.com\/product\/yoast-seo-wordpress\/ -->\n<title>Reservas y cancelaciones - Le Jadis Beach Resort &amp; Wellness Mauritius<\/title>\n<meta name=\"robots\" content=\"index, follow, max-snippet:-1, max-image-preview:large, max-video-preview:-1\" \/>\n<link rel=\"canonical\" href=\"https:\/\/www.lejadis.com\/es\/reservas-y-cancelaciones\/\" \/>\n<meta property=\"og:locale\" content=\"es_ES\" \/>\n<meta property=\"og:type\" content=\"article\" \/>\n<meta property=\"og:title\" content=\"Reservas y cancelaciones - Le Jadis Beach Resort &amp; Wellness Mauritius\" \/>\n<meta property=\"og:description\" content=\"RESERVAS Y CANCELACIONES PREISE Die Zimmerpreise sind in Euro (EUR) angegeben und gelten pro Suite\/Villa und Nacht. Die Preise unterliegen einer staatlichen Steuer von 15%. Die Preise, Inklusivleistungen und Zimmerbelegungen entsprechen den Angaben in Ihrer Buchungsbest\u00e4tigung, und die Preise k\u00f6nnen ohne vorherige Ank\u00fcndigung ge\u00e4ndert werden. ANKUNFT UND ABREISE Check-in ist um 14:00 Uhr und Check-out [&hellip;]\" \/>\n<meta property=\"og:url\" content=\"https:\/\/www.lejadis.com\/es\/reservas-y-cancelaciones\/\" \/>\n<meta property=\"og:site_name\" content=\"Le Jadis Beach Resort &amp; Wellness Mauritius\" \/>\n<meta property=\"article:publisher\" content=\"https:\/\/m.facebook.com\/LeJadisMauritius\/\" \/>\n<meta property=\"article:modified_time\" content=\"2024-11-07T10:09:36+00:00\" \/>\n<meta name=\"twitter:card\" content=\"summary_large_image\" \/>\n<meta name=\"twitter:label1\" content=\"Tiempo de lectura\" \/>\n\t<meta name=\"twitter:data1\" content=\"5 minutos\" \/>\n<script type=\"application\/ld+json\" class=\"yoast-schema-graph\">{\"@context\":\"https:\\\/\\\/schema.org\",\"@graph\":[{\"@type\":\"WebPage\",\"@id\":\"https:\\\/\\\/www.lejadis.com\\\/es\\\/reservas-y-cancelaciones\\\/\",\"url\":\"https:\\\/\\\/www.lejadis.com\\\/es\\\/reservas-y-cancelaciones\\\/\",\"name\":\"Reservas y cancelaciones - Le Jadis Beach Resort &amp; Wellness Mauritius\",\"isPartOf\":{\"@id\":\"https:\\\/\\\/www.lejadis.com\\\/es\\\/#website\"},\"datePublished\":\"2024-11-07T09:52:42+00:00\",\"dateModified\":\"2024-11-07T10:09:36+00:00\",\"breadcrumb\":{\"@id\":\"https:\\\/\\\/www.lejadis.com\\\/es\\\/reservas-y-cancelaciones\\\/#breadcrumb\"},\"inLanguage\":\"es\",\"potentialAction\":[{\"@type\":\"ReadAction\",\"target\":[\"https:\\\/\\\/www.lejadis.com\\\/es\\\/reservas-y-cancelaciones\\\/\"]}]},{\"@type\":\"BreadcrumbList\",\"@id\":\"https:\\\/\\\/www.lejadis.com\\\/es\\\/reservas-y-cancelaciones\\\/#breadcrumb\",\"itemListElement\":[{\"@type\":\"ListItem\",\"position\":1,\"name\":\"Inicio\",\"item\":\"https:\\\/\\\/www.lejadis.com\\\/es\\\/\"},{\"@type\":\"ListItem\",\"position\":2,\"name\":\"Reservas y cancelaciones\"}]},{\"@type\":\"WebSite\",\"@id\":\"https:\\\/\\\/www.lejadis.com\\\/es\\\/#website\",\"url\":\"https:\\\/\\\/www.lejadis.com\\\/es\\\/\",\"name\":\"Le Jadis Beach Resort &amp; Wellness Mauritius\",\"description\":\"Best 5-Star Hotel\",\"publisher\":{\"@id\":\"https:\\\/\\\/www.lejadis.com\\\/es\\\/#organization\"},\"potentialAction\":[{\"@type\":\"SearchAction\",\"target\":{\"@type\":\"EntryPoint\",\"urlTemplate\":\"https:\\\/\\\/www.lejadis.com\\\/es\\\/?s={search_term_string}\"},\"query-input\":{\"@type\":\"PropertyValueSpecification\",\"valueRequired\":true,\"valueName\":\"search_term_string\"}}],\"inLanguage\":\"es\"},{\"@type\":\"Organization\",\"@id\":\"https:\\\/\\\/www.lejadis.com\\\/es\\\/#organization\",\"name\":\"Le Jadis Beach Resort &amp; Wellness Mauritius\",\"url\":\"https:\\\/\\\/www.lejadis.com\\\/es\\\/\",\"logo\":{\"@type\":\"ImageObject\",\"inLanguage\":\"es\",\"@id\":\"https:\\\/\\\/www.lejadis.com\\\/es\\\/#\\\/schema\\\/logo\\\/image\\\/\",\"url\":\"https:\\\/\\\/www.lejadis.com\\\/wp-content\\\/uploads\\\/2022\\\/04\\\/logo-hover.webp\",\"contentUrl\":\"https:\\\/\\\/www.lejadis.com\\\/wp-content\\\/uploads\\\/2022\\\/04\\\/logo-hover.webp\",\"width\":247,\"height\":100,\"caption\":\"Le Jadis Beach Resort &amp; Wellness Mauritius\"},\"image\":{\"@id\":\"https:\\\/\\\/www.lejadis.com\\\/es\\\/#\\\/schema\\\/logo\\\/image\\\/\"},\"sameAs\":[\"https:\\\/\\\/m.facebook.com\\\/LeJadisMauritius\\\/\"]}]}<\/script>\n<!-- \/ Yoast SEO plugin. -->","yoast_head_json":{"title":"Reservas y cancelaciones - Le Jadis Beach Resort &amp; Wellness Mauritius","robots":{"index":"index","follow":"follow","max-snippet":"max-snippet:-1","max-image-preview":"max-image-preview:large","max-video-preview":"max-video-preview:-1"},"canonical":"https:\/\/www.lejadis.com\/es\/reservas-y-cancelaciones\/","og_locale":"es_ES","og_type":"article","og_title":"Reservas y cancelaciones - Le Jadis Beach Resort &amp; Wellness Mauritius","og_description":"RESERVAS Y CANCELACIONES PREISE Die Zimmerpreise sind in Euro (EUR) angegeben und gelten pro Suite\/Villa und Nacht. Die Preise unterliegen einer staatlichen Steuer von 15%. Die Preise, Inklusivleistungen und Zimmerbelegungen entsprechen den Angaben in Ihrer Buchungsbest\u00e4tigung, und die Preise k\u00f6nnen ohne vorherige Ank\u00fcndigung ge\u00e4ndert werden. ANKUNFT UND ABREISE Check-in ist um 14:00 Uhr und Check-out [&hellip;]","og_url":"https:\/\/www.lejadis.com\/es\/reservas-y-cancelaciones\/","og_site_name":"Le Jadis Beach Resort &amp; Wellness Mauritius","article_publisher":"https:\/\/m.facebook.com\/LeJadisMauritius\/","article_modified_time":"2024-11-07T10:09:36+00:00","twitter_card":"summary_large_image","twitter_misc":{"Tiempo de lectura":"5 minutos"},"schema":{"@context":"https:\/\/schema.org","@graph":[{"@type":"WebPage","@id":"https:\/\/www.lejadis.com\/es\/reservas-y-cancelaciones\/","url":"https:\/\/www.lejadis.com\/es\/reservas-y-cancelaciones\/","name":"Reservas y cancelaciones - Le Jadis Beach Resort &amp; Wellness Mauritius","isPartOf":{"@id":"https:\/\/www.lejadis.com\/es\/#website"},"datePublished":"2024-11-07T09:52:42+00:00","dateModified":"2024-11-07T10:09:36+00:00","breadcrumb":{"@id":"https:\/\/www.lejadis.com\/es\/reservas-y-cancelaciones\/#breadcrumb"},"inLanguage":"es","potentialAction":[{"@type":"ReadAction","target":["https:\/\/www.lejadis.com\/es\/reservas-y-cancelaciones\/"]}]},{"@type":"BreadcrumbList","@id":"https:\/\/www.lejadis.com\/es\/reservas-y-cancelaciones\/#breadcrumb","itemListElement":[{"@type":"ListItem","position":1,"name":"Inicio","item":"https:\/\/www.lejadis.com\/es\/"},{"@type":"ListItem","position":2,"name":"Reservas y cancelaciones"}]},{"@type":"WebSite","@id":"https:\/\/www.lejadis.com\/es\/#website","url":"https:\/\/www.lejadis.com\/es\/","name":"Le Jadis Beach Resort &amp; Wellness Mauritius","description":"Best 5-Star Hotel","publisher":{"@id":"https:\/\/www.lejadis.com\/es\/#organization"},"potentialAction":[{"@type":"SearchAction","target":{"@type":"EntryPoint","urlTemplate":"https:\/\/www.lejadis.com\/es\/?s={search_term_string}"},"query-input":{"@type":"PropertyValueSpecification","valueRequired":true,"valueName":"search_term_string"}}],"inLanguage":"es"},{"@type":"Organization","@id":"https:\/\/www.lejadis.com\/es\/#organization","name":"Le Jadis Beach Resort &amp; Wellness Mauritius","url":"https:\/\/www.lejadis.com\/es\/","logo":{"@type":"ImageObject","inLanguage":"es","@id":"https:\/\/www.lejadis.com\/es\/#\/schema\/logo\/image\/","url":"https:\/\/www.lejadis.com\/wp-content\/uploads\/2022\/04\/logo-hover.webp","contentUrl":"https:\/\/www.lejadis.com\/wp-content\/uploads\/2022\/04\/logo-hover.webp","width":247,"height":100,"caption":"Le Jadis Beach Resort &amp; Wellness Mauritius"},"image":{"@id":"https:\/\/www.lejadis.com\/es\/#\/schema\/logo\/image\/"},"sameAs":["https:\/\/m.facebook.com\/LeJadisMauritius\/"]}]}},"_links":{"self":[{"href":"https:\/\/www.lejadis.com\/es\/wp-json\/wp\/v2\/pages\/40871","targetHints":{"allow":["GET"]}}],"collection":[{"href":"https:\/\/www.lejadis.com\/es\/wp-json\/wp\/v2\/pages"}],"about":[{"href":"https:\/\/www.lejadis.com\/es\/wp-json\/wp\/v2\/types\/page"}],"author":[{"embeddable":true,"href":"https:\/\/www.lejadis.com\/es\/wp-json\/wp\/v2\/users\/7"}],"replies":[{"embeddable":true,"href":"https:\/\/www.lejadis.com\/es\/wp-json\/wp\/v2\/comments?post=40871"}],"version-history":[{"count":6,"href":"https:\/\/www.lejadis.com\/es\/wp-json\/wp\/v2\/pages\/40871\/revisions"}],"predecessor-version":[{"id":40891,"href":"https:\/\/www.lejadis.com\/es\/wp-json\/wp\/v2\/pages\/40871\/revisions\/40891"}],"wp:attachment":[{"href":"https:\/\/www.lejadis.com\/es\/wp-json\/wp\/v2\/media?parent=40871"}],"wp:term":[{"taxonomy":"category","embeddable":true,"href":"https:\/\/www.lejadis.com\/es\/wp-json\/wp\/v2\/categories?post=40871"},{"taxonomy":"post_tag","embeddable":true,"href":"https:\/\/www.lejadis.com\/es\/wp-json\/wp\/v2\/tags?post=40871"}],"curies":[{"name":"wp","href":"https:\/\/api.w.org\/{rel}","templated":true}]}}