{"id":27689,"date":"2022-09-06T20:53:40","date_gmt":"2022-09-06T20:53:40","guid":{"rendered":"http:\/\/www.lejadis.com\/reservas-y-cancelaciones\/"},"modified":"2025-12-08T11:46:56","modified_gmt":"2025-12-08T11:46:56","slug":"bookings-cancellations","status":"publish","type":"page","link":"https:\/\/www.lejadis.com\/es\/bookings-cancellations\/","title":{"rendered":"Reservas y cancelaciones"},"content":{"rendered":"\t\t<div data-elementor-type=\"wp-page\" data-elementor-id=\"27689\" class=\"elementor elementor-27689 elementor-20108\" data-elementor-post-type=\"page\">\n\t\t\t\t\t\t<section class=\"elementor-section elementor-top-section elementor-element elementor-element-088598b elementor-section-items-bottom elementor-section-height-min-height elementor-section-boxed elementor-section-height-default\" data-id=\"088598b\" data-element_type=\"section\" id=\"top\" data-settings=\"{&quot;background_background&quot;:&quot;classic&quot;}\">\n\t\t\t\t\t\t<div class=\"elementor-container elementor-column-gap-custom\">\n\t\t\t\t\t<div class=\"elementor-column elementor-col-100 elementor-top-column elementor-element elementor-element-99a7b24\" data-id=\"99a7b24\" data-element_type=\"column\">\n\t\t\t<div class=\"elementor-widget-wrap elementor-element-populated\">\n\t\t\t\t\t\t<div class=\"elementor-element elementor-element-1e30bb9 elementor-widget elementor-widget-heading\" data-id=\"1e30bb9\" data-element_type=\"widget\" data-widget_type=\"heading.default\">\n\t\t\t\t<div class=\"elementor-widget-container\">\n\t\t\t<style>\/*! elementor - v3.23.0 - 05-08-2024 *\/\n.elementor-heading-title{padding:0;margin:0;line-height:1}.elementor-widget-heading .elementor-heading-title[class*=elementor-size-]>a{color:inherit;font-size:inherit;line-height:inherit}.elementor-widget-heading .elementor-heading-title.elementor-size-small{font-size:15px}.elementor-widget-heading .elementor-heading-title.elementor-size-medium{font-size:19px}.elementor-widget-heading .elementor-heading-title.elementor-size-large{font-size:29px}.elementor-widget-heading .elementor-heading-title.elementor-size-xl{font-size:39px}.elementor-widget-heading .elementor-heading-title.elementor-size-xxl{font-size:59px}<\/style><h2 class=\"elementor-heading-title elementor-size-default\">RESERVAS Y CANCELACIONES<\/h2>\t\t<\/div>\n\t\t\t\t<\/div>\n\t\t\t\t\t<\/div>\n\t\t<\/div>\n\t\t\t\t\t<\/div>\n\t\t<\/section>\n\t\t\t\t<section class=\"elementor-section elementor-top-section elementor-element elementor-element-ac8be7f booking-widget elementor-section-boxed elementor-section-height-default elementor-section-height-default\" data-id=\"ac8be7f\" data-element_type=\"section\">\n\t\t\t\t\t\t<div class=\"elementor-container elementor-column-gap-custom\">\n\t\t\t\t\t<div class=\"elementor-column elementor-col-100 elementor-top-column elementor-element elementor-element-7e08730\" data-id=\"7e08730\" data-element_type=\"column\">\n\t\t\t<div class=\"elementor-widget-wrap elementor-element-populated\">\n\t\t\t\t\t\t<div class=\"elementor-element elementor-element-fa428e5 elementor-widget elementor-widget-global elementor-global-16241 elementor-widget-html\" data-id=\"fa428e5\" data-element_type=\"widget\" data-widget_type=\"html.default\">\n\t\t\t\t<div class=\"elementor-widget-container\">\n\t\t\t<script src=\"https:\/\/hotels.cloudbeds.com\/widget\/load\/KziUki\/horiz?newWindow=1\"><\/script>\r\n\r\n\t\t<\/div>\n\t\t\t\t<\/div>\n\t\t\t\t\t<\/div>\n\t\t<\/div>\n\t\t\t\t\t<\/div>\n\t\t<\/section>\n\t\t\t\t<section class=\"elementor-section elementor-top-section elementor-element elementor-element-2bcb057 elementor-section-boxed elementor-section-height-default elementor-section-height-default\" data-id=\"2bcb057\" data-element_type=\"section\">\n\t\t\t\t\t\t<div class=\"elementor-container elementor-column-gap-custom\">\n\t\t\t\t\t<div class=\"elementor-column elementor-col-100 elementor-top-column elementor-element elementor-element-2c11a1b\" data-id=\"2c11a1b\" data-element_type=\"column\">\n\t\t\t<div class=\"elementor-widget-wrap elementor-element-populated\">\n\t\t\t\t\t\t<div class=\"elementor-element elementor-element-75a2a2e elementor-widget elementor-widget-global elementor-global-21961 elementor-widget-breadcrumbs\" data-id=\"75a2a2e\" data-element_type=\"widget\" data-widget_type=\"breadcrumbs.default\">\n\t\t\t\t<div class=\"elementor-widget-container\">\n\t\t\t<link rel=\"stylesheet\" href=\"https:\/\/www.lejadis.com\/wp-content\/plugins\/elementor-pro\/assets\/css\/widget-theme-elements.min.css?ver=1724973211\"><p id=\"breadcrumbs\"><span><span><a href=\"https:\/\/www.lejadis.com\/es\/\">Inicio<\/a><\/span><\/span><\/p>\t\t<\/div>\n\t\t\t\t<\/div>\n\t\t\t\t\t<\/div>\n\t\t<\/div>\n\t\t\t\t\t<\/div>\n\t\t<\/section>\n\t\t\t\t<section class=\"elementor-section elementor-top-section elementor-element elementor-element-0c9f577 elementor-section-boxed elementor-section-height-default elementor-section-height-default\" data-id=\"0c9f577\" data-element_type=\"section\">\n\t\t\t\t\t\t<div class=\"elementor-container elementor-column-gap-custom\">\n\t\t\t\t\t<div class=\"elementor-column elementor-col-100 elementor-top-column elementor-element elementor-element-a02eb99\" data-id=\"a02eb99\" data-element_type=\"column\">\n\t\t\t<div class=\"elementor-widget-wrap elementor-element-populated\">\n\t\t\t\t\t\t<div class=\"elementor-element elementor-element-5b05120 elementor-widget elementor-widget-text-editor\" data-id=\"5b05120\" data-element_type=\"widget\" data-widget_type=\"text-editor.default\">\n\t\t\t\t<div class=\"elementor-widget-container\">\n\t\t\t<style>\/*! elementor - v3.23.0 - 05-08-2024 *\/\n.elementor-widget-text-editor.elementor-drop-cap-view-stacked .elementor-drop-cap{background-color:#69727d;color:#fff}.elementor-widget-text-editor.elementor-drop-cap-view-framed .elementor-drop-cap{color:#69727d;border:3px solid;background-color:transparent}.elementor-widget-text-editor:not(.elementor-drop-cap-view-default) .elementor-drop-cap{margin-top:8px}.elementor-widget-text-editor:not(.elementor-drop-cap-view-default) .elementor-drop-cap-letter{width:1em;height:1em}.elementor-widget-text-editor .elementor-drop-cap{float:left;text-align:center;line-height:1;font-size:50px}.elementor-widget-text-editor .elementor-drop-cap-letter{display:inline-block}<\/style>\t\t\t\t<p><strong data-start=\"82\" data-end=\"93\">TARIFAS<\/strong><\/p>\n<ul>\n<li data-start=\"96\" data-end=\"184\">Las tarifas de las habitaciones se cotizan en euros (EUR) por suite\/villa por noche.<\/li>\n<li data-start=\"185\" data-end=\"250\">Die Preise verstehen sich inklusive 15 % Regierungssteuer.<\/li>\n<li data-start=\"185\" data-end=\"250\">\n<p data-start=\"817\" data-end=\"1097\">Ab dem 1. Oktober 2025 wird eine obligatorische Tourismusabgabe von 3 EUR pro Gast und pro Nacht (f\u00fcr G\u00e4ste \u00fcber 12 Jahre) erhoben. Diese Abgabe ist w\u00e4hrend Ihres Aufenthalts direkt im Resort zu bezahlen.<\/p>\n<\/li>\n<li data-start=\"185\" data-end=\"250\">\n<p data-start=\"510\" data-end=\"810\">A partir del 1 de octubre de 2025, se aplicar\u00e1 un impuesto tur\u00edstico obligatorio de 3 EUR por hu\u00e9sped y por noche (para hu\u00e9spedes mayores de 12 a\u00f1os). Este impuesto deber\u00e1 abonarse directamente en el resort durante su estancia.<\/p>\n<\/li>\n<li data-start=\"251\" data-end=\"410\">Las tarifas, inclusiones y ocupaci\u00f3n de las habitaciones son las indicadas en su confirmaci\u00f3n, y las tarifas pueden estar sujetas a cambios sin previo aviso.<\/li>\n<\/ul>\n<p data-start=\"417\" data-end=\"439\"><strong data-start=\"417\" data-end=\"437\">&nbsp;<\/strong><\/p>\n<p data-start=\"417\" data-end=\"439\"><strong data-start=\"417\" data-end=\"437\">LLEGADA Y SALIDA<\/strong><\/p>\n<ul data-start=\"440\" data-end=\"1579\">\n<li data-start=\"440\" data-end=\"518\">La hora de entrada es a las 2:00 pm y la hora de salida es a las 11:00 am.<\/li>\n<li data-start=\"519\" data-end=\"595\">La entrada anticipada y la salida tard\u00eda est\u00e1n sujetas a disponibilidad.<\/li>\n<li data-start=\"596\" data-end=\"858\">El servicio de entrada anticipada le permite disfrutar de la privacidad y comodidad de su suite antes de la hora de entrada de las 2:00 pm. Si desea garantizar una entrada anticipada, su suite\/villa debe ser pre-reservada un d\u00eda antes de su fecha de llegada.<\/li>\n<li data-start=\"859\" data-end=\"975\">La salida tard\u00eda de las 11:00 am a las 6:00 pm tendr\u00e1 un cargo del 50% de la tarifa m\u00e1s baja disponible del d\u00eda.<\/li>\n<li data-start=\"976\" data-end=\"1086\">La salida tard\u00eda despu\u00e9s de las 6:00 pm tendr\u00e1 un cargo del 100% de la tarifa m\u00e1s baja disponible del d\u00eda.<\/li>\n<li data-start=\"1087\" data-end=\"1311\">En caso de que no sea posible extender la salida tard\u00eda a la suite\/villa en la que se encuentren los hu\u00e9spedes, la propiedad se reserva el derecho de hacer arreglos alternativos, sujetos a disponibilidad de habitaciones.<\/li>\n<li data-start=\"1312\" data-end=\"1579\">En caso de salida anticipada o no presentaci\u00f3n (es decir, si la reserva no se utiliza ni se cancela), se cobrar\u00e1 el monto total de las noches confirmadas para toda la estancia. Las salidas anticipadas o cancelaciones debido a mal tiempo son completamente cargables.<\/li>\n<\/ul>\n<p data-start=\"1586\" data-end=\"1793\"><strong data-start=\"1586\" data-end=\"1635\">&nbsp;<\/strong><\/p>\n<p data-start=\"1586\" data-end=\"1793\"><strong data-start=\"1586\" data-end=\"1635\">SUPLEMENTOS POR HU\u00c9SPEDES ADICIONALES Y NI\u00d1OS<\/strong><br data-start=\"1635\" data-end=\"1638\">Sujeto a la ocupaci\u00f3n m\u00e1xima aplicable por habitaci\u00f3n, se aplican las siguientes condiciones para los hu\u00e9spedes adicionales que compartan la suite\/villa:<\/p>\n<ul data-start=\"1795\" data-end=\"2236\">\n<li data-start=\"1795\" data-end=\"1960\">1 beb\u00e9 o ni\u00f1o peque\u00f1o (0-2.99 a\u00f1os): gratuito en el mismo plan de comidas reservado por los padres, incluyendo una cuna si se requiere (sujeto a disponibilidad).<\/li>\n<li data-start=\"1961\" data-end=\"2171\">Hu\u00e9sped (12+ a\u00f1os): no aplicable.<\/li>\n<li data-start=\"2210\" data-end=\"2236\">No se permiten mascotas.<\/li>\n<\/ul>\n<p data-start=\"2243\" data-end=\"2277\"><strong data-start=\"2243\" data-end=\"2275\">&nbsp;<\/strong><\/p>\n<div class=\"elementor-element elementor-element-b806da3 elementor-widget elementor-widget-heading\" data-id=\"b806da3\" data-element_type=\"widget\" data-widget_type=\"heading.default\">\n<div class=\"elementor-widget-container\">\n<h6 class=\"elementor-heading-title elementor-size-default\">&nbsp;<\/h6>\n<\/div>\n<\/div>\n<div class=\"elementor-element elementor-element-33bb57c elementor-widget elementor-widget-text-editor\" data-id=\"33bb57c\" data-element_type=\"widget\" data-widget_type=\"text-editor.default\">\n<div class=\"elementor-widget-container\">\n<p class=\"ds-markdown-paragraph\"><strong>POL\u00cdTICA DE GARANT\u00cdA DE PAGO<\/strong><br><strong>Para todos los alojamientos excepto la Imperial Beach Villa<\/strong><\/p>\n<p class=\"ds-markdown-paragraph\">Para per\u00edodos de viaje del 07 de enero de 2025 al 25 de diciembre de 2025 y del 07 de enero de 2026 al 25 de diciembre de 2026:<br>\u2022 Se requiere un prepago de una noche en el momento de la reserva para garantizar y confirmar la reserva.<br>\u2022 El pago completo se liquidar\u00e1 a la llegada al resort.<br>Para per\u00edodos de viaje del 26 de diciembre de 2025 al 06 de enero de 2026 y del 26 de diciembre de 2026 al 05 de enero de 2027:<br>\u2022 Se requiere un prepago del 50% en el momento de la reserva para garantizar y confirmar la reserva.<br>\u2022 El pago completo se liquidar\u00e1 30 d\u00edas antes de la llegada.<\/p>\n<p class=\"ds-markdown-paragraph\"><strong>Para la Imperial Beach Villa<\/strong><br>Para per\u00edodos de estancia del 07 de enero de 2025 al 25 de diciembre de 2025 y del 07 de enero de 2026 al 25 de diciembre de 2026:<br>\u2022 Se requiere un prepago del 50% en el momento de la reserva para garantizar y confirmar la reserva.<br>\u2022 El pago completo se liquidar\u00e1 a la llegada al resort.<br>Para per\u00edodos de estancia del 26 de diciembre de 2025 al 06 de enero de 2026 y del 26 de diciembre de 2026 al 05 de enero de 2027:<br>\u2022 Se requiere un prepago del 50% en el momento de la reserva para garantizar y confirmar la reserva.<br>\u2022 El pago completo se liquidar\u00e1 60 d\u00edas antes de la llegada.<\/p>\n<\/div>\n<\/div>\n<div class=\"elementor-element elementor-element-86109e1 elementor-widget elementor-widget-heading\" data-id=\"86109e1\" data-element_type=\"widget\" data-widget_type=\"heading.default\">\n<div class=\"elementor-widget-container\">\n<p class=\"elementor-heading-title elementor-size-default\">\n<\/p><\/div>\n<\/div>\n<div class=\"elementor-element elementor-element-10a6334 elementor-widget elementor-widget-text-editor\" data-id=\"10a6334\" data-element_type=\"widget\" data-widget_type=\"text-editor.default\">\n<div class=\"elementor-widget-container\">\n<p class=\"ds-markdown-paragraph\"><strong>POL\u00cdTICA DE CANCELACI\u00d3N<\/strong><br><strong>Para todos los alojamientos excepto la Imperial Beach Villa&nbsp;<\/strong><\/p>\n<p class=\"ds-markdown-paragraph\">Para per\u00edodos de viaje del 07 de enero de 2025 al 25 de diciembre de 2025 y del 07 de enero de 2026 al 25 de diciembre de 2026:<br>\u2022 Cancelaci\u00f3n gratuita hasta 7 d\u00edas antes de la llegada.<br>\u2022 Las cancelaciones realizadas 6 d\u00edas o menos antes de la llegada estar\u00e1n sujetas a un cargo por penalidad equivalente al pago de una noche.<br>\u2022 Las no presentaciones estar\u00e1n sujetas a un cargo por penalidad del 100% del importe total de la estancia.<br>Para per\u00edodos de viaje del 26 de diciembre de 2025 al 06 de enero de 2026 y del 26 de diciembre de 2026 al 05 de enero de 2027:<br>\u2022 Cancelaci\u00f3n gratuita hasta 60 d\u00edas antes de la llegada.<br>\u2022 Las cancelaciones realizadas entre 30 y 59 d\u00edas antes de la llegada estar\u00e1n sujetas a un cargo por penalidad equivalente al 50% del importe total de la estancia.<br>\u2022 Las cancelaciones realizadas 29 d\u00edas o menos antes de la llegada, o las no presentaciones, estar\u00e1n sujetas a un cargo por penalidad del 100% del importe total de la estancia.<\/p>\n<p class=\"ds-markdown-paragraph\"><strong>Para la Imperial Beach Villa<\/strong><br>Para per\u00edodos de estancia del 07 de enero de 2025 al 25 de diciembre de 2025 y del 07 de enero de 2026 al 25 de diciembre de 2026:<br>\u2022 Cancelaci\u00f3n gratuita hasta 30 d\u00edas antes de la llegada.<br>\u2022 Las cancelaciones realizadas 29 d\u00edas o menos antes de la llegada estar\u00e1n sujetas a un cargo por penalidad equivalente al 50% del importe total de la estancia.<br>\u2022 Las no presentaciones estar\u00e1n sujetas a un cargo por penalidad del 100% del importe total de la estancia.<br>Para per\u00edodos de viaje del 26 de diciembre de 2025 al 06 de enero de 2026 y del 26 de diciembre de 2026 al 05 de enero de 2027:<br>\u2022 Cancelaci\u00f3n gratuita hasta 60 d\u00edas antes de la llegada.<br>\u2022 Las cancelaciones realizadas 59 d\u00edas o menos antes de la llegada, o las no presentaciones, estar\u00e1n sujetas a un cargo por penalidad del 100% del importe total de la estancia.<\/p>\n<\/div>\n<\/div>\t\t\t\t\t\t<\/div>\n\t\t\t\t<\/div>\n\t\t\t\t\t<\/div>\n\t\t<\/div>\n\t\t\t\t\t<\/div>\n\t\t<\/section>\n\t\t\t\t<\/div>\n\t\t","protected":false},"excerpt":{"rendered":"<p>RESERVAS Y CANCELACIONES TARIFAS Las tarifas de las habitaciones se cotizan en euros (EUR) por suite\/villa por noche. Die Preise verstehen sich inklusive 15 % Regierungssteuer. Ab dem 1. Oktober 2025 wird eine obligatorische Tourismusabgabe von 3 EUR pro Gast und pro Nacht (f\u00fcr G\u00e4ste \u00fcber 12 Jahre) erhoben. Diese Abgabe ist w\u00e4hrend Ihres Aufenthalts [&hellip;]<\/p>\n","protected":false},"author":1,"featured_media":0,"parent":0,"menu_order":0,"comment_status":"closed","ping_status":"closed","template":"elementor_header_footer","meta":{"_acf_changed":false,"footnotes":""},"categories":[1],"tags":[],"class_list":["post-27689","page","type-page","status-publish","hentry","category-uncategorized"],"acf":[],"yoast_head":"<!-- This site is optimized with the Yoast SEO plugin v27.4 - https:\/\/yoast.com\/product\/yoast-seo-wordpress\/ -->\n<title>Reservas y cancelaciones - Le Jadis Beach Resort &amp; Wellness Mauritius<\/title>\n<meta name=\"robots\" content=\"index, follow, max-snippet:-1, max-image-preview:large, max-video-preview:-1\" \/>\n<link rel=\"canonical\" href=\"https:\/\/www.lejadis.com\/es\/bookings-cancellations\/\" \/>\n<meta property=\"og:locale\" content=\"es_ES\" \/>\n<meta property=\"og:type\" content=\"article\" \/>\n<meta property=\"og:title\" content=\"Reservas y cancelaciones - Le Jadis Beach Resort &amp; Wellness Mauritius\" \/>\n<meta property=\"og:description\" content=\"RESERVAS Y CANCELACIONES TARIFAS Las tarifas de las habitaciones se cotizan en euros (EUR) por suite\/villa por noche. Die Preise verstehen sich inklusive 15 % Regierungssteuer. Ab dem 1. Oktober 2025 wird eine obligatorische Tourismusabgabe von 3 EUR pro Gast und pro Nacht (f\u00fcr G\u00e4ste \u00fcber 12 Jahre) erhoben. Diese Abgabe ist w\u00e4hrend Ihres Aufenthalts [&hellip;]\" \/>\n<meta property=\"og:url\" content=\"https:\/\/www.lejadis.com\/es\/bookings-cancellations\/\" \/>\n<meta property=\"og:site_name\" content=\"Le Jadis Beach Resort &amp; Wellness Mauritius\" \/>\n<meta property=\"article:publisher\" content=\"https:\/\/m.facebook.com\/LeJadisMauritius\/\" \/>\n<meta property=\"article:modified_time\" content=\"2025-12-08T11:46:56+00:00\" \/>\n<meta name=\"twitter:card\" content=\"summary_large_image\" \/>\n<meta name=\"twitter:label1\" content=\"Tiempo de lectura\" \/>\n\t<meta name=\"twitter:data1\" content=\"8 minutos\" \/>\n<script type=\"application\/ld+json\" class=\"yoast-schema-graph\">{\"@context\":\"https:\\\/\\\/schema.org\",\"@graph\":[{\"@type\":\"WebPage\",\"@id\":\"https:\\\/\\\/www.lejadis.com\\\/es\\\/bookings-cancellations\\\/\",\"url\":\"https:\\\/\\\/www.lejadis.com\\\/es\\\/bookings-cancellations\\\/\",\"name\":\"Reservas y cancelaciones - Le Jadis Beach Resort &amp; Wellness Mauritius\",\"isPartOf\":{\"@id\":\"https:\\\/\\\/www.lejadis.com\\\/es\\\/#website\"},\"datePublished\":\"2022-09-06T20:53:40+00:00\",\"dateModified\":\"2025-12-08T11:46:56+00:00\",\"breadcrumb\":{\"@id\":\"https:\\\/\\\/www.lejadis.com\\\/es\\\/bookings-cancellations\\\/#breadcrumb\"},\"inLanguage\":\"es\",\"potentialAction\":[{\"@type\":\"ReadAction\",\"target\":[\"https:\\\/\\\/www.lejadis.com\\\/es\\\/bookings-cancellations\\\/\"]}]},{\"@type\":\"BreadcrumbList\",\"@id\":\"https:\\\/\\\/www.lejadis.com\\\/es\\\/bookings-cancellations\\\/#breadcrumb\",\"itemListElement\":[{\"@type\":\"ListItem\",\"position\":1,\"name\":\"Inicio\",\"item\":\"https:\\\/\\\/www.lejadis.com\\\/es\\\/\"},{\"@type\":\"ListItem\",\"position\":2,\"name\":\"Reservas y cancelaciones\"}]},{\"@type\":\"WebSite\",\"@id\":\"https:\\\/\\\/www.lejadis.com\\\/es\\\/#website\",\"url\":\"https:\\\/\\\/www.lejadis.com\\\/es\\\/\",\"name\":\"Le Jadis Beach Resort &amp; Wellness Mauritius\",\"description\":\"Best 5-Star Hotel\",\"publisher\":{\"@id\":\"https:\\\/\\\/www.lejadis.com\\\/es\\\/#organization\"},\"potentialAction\":[{\"@type\":\"SearchAction\",\"target\":{\"@type\":\"EntryPoint\",\"urlTemplate\":\"https:\\\/\\\/www.lejadis.com\\\/es\\\/?s={search_term_string}\"},\"query-input\":{\"@type\":\"PropertyValueSpecification\",\"valueRequired\":true,\"valueName\":\"search_term_string\"}}],\"inLanguage\":\"es\"},{\"@type\":\"Organization\",\"@id\":\"https:\\\/\\\/www.lejadis.com\\\/es\\\/#organization\",\"name\":\"Le Jadis Beach Resort &amp; Wellness Mauritius\",\"url\":\"https:\\\/\\\/www.lejadis.com\\\/es\\\/\",\"logo\":{\"@type\":\"ImageObject\",\"inLanguage\":\"es\",\"@id\":\"https:\\\/\\\/www.lejadis.com\\\/es\\\/#\\\/schema\\\/logo\\\/image\\\/\",\"url\":\"https:\\\/\\\/www.lejadis.com\\\/wp-content\\\/uploads\\\/2022\\\/04\\\/logo-hover.webp\",\"contentUrl\":\"https:\\\/\\\/www.lejadis.com\\\/wp-content\\\/uploads\\\/2022\\\/04\\\/logo-hover.webp\",\"width\":247,\"height\":100,\"caption\":\"Le Jadis Beach Resort &amp; Wellness Mauritius\"},\"image\":{\"@id\":\"https:\\\/\\\/www.lejadis.com\\\/es\\\/#\\\/schema\\\/logo\\\/image\\\/\"},\"sameAs\":[\"https:\\\/\\\/m.facebook.com\\\/LeJadisMauritius\\\/\"]}]}<\/script>\n<!-- \/ Yoast SEO plugin. -->","yoast_head_json":{"title":"Reservas y cancelaciones - Le Jadis Beach Resort &amp; Wellness Mauritius","robots":{"index":"index","follow":"follow","max-snippet":"max-snippet:-1","max-image-preview":"max-image-preview:large","max-video-preview":"max-video-preview:-1"},"canonical":"https:\/\/www.lejadis.com\/es\/bookings-cancellations\/","og_locale":"es_ES","og_type":"article","og_title":"Reservas y cancelaciones - Le Jadis Beach Resort &amp; Wellness Mauritius","og_description":"RESERVAS Y CANCELACIONES TARIFAS Las tarifas de las habitaciones se cotizan en euros (EUR) por suite\/villa por noche. Die Preise verstehen sich inklusive 15 % Regierungssteuer. Ab dem 1. Oktober 2025 wird eine obligatorische Tourismusabgabe von 3 EUR pro Gast und pro Nacht (f\u00fcr G\u00e4ste \u00fcber 12 Jahre) erhoben. Diese Abgabe ist w\u00e4hrend Ihres Aufenthalts [&hellip;]","og_url":"https:\/\/www.lejadis.com\/es\/bookings-cancellations\/","og_site_name":"Le Jadis Beach Resort &amp; Wellness Mauritius","article_publisher":"https:\/\/m.facebook.com\/LeJadisMauritius\/","article_modified_time":"2025-12-08T11:46:56+00:00","twitter_card":"summary_large_image","twitter_misc":{"Tiempo de lectura":"8 minutos"},"schema":{"@context":"https:\/\/schema.org","@graph":[{"@type":"WebPage","@id":"https:\/\/www.lejadis.com\/es\/bookings-cancellations\/","url":"https:\/\/www.lejadis.com\/es\/bookings-cancellations\/","name":"Reservas y cancelaciones - Le Jadis Beach Resort &amp; Wellness Mauritius","isPartOf":{"@id":"https:\/\/www.lejadis.com\/es\/#website"},"datePublished":"2022-09-06T20:53:40+00:00","dateModified":"2025-12-08T11:46:56+00:00","breadcrumb":{"@id":"https:\/\/www.lejadis.com\/es\/bookings-cancellations\/#breadcrumb"},"inLanguage":"es","potentialAction":[{"@type":"ReadAction","target":["https:\/\/www.lejadis.com\/es\/bookings-cancellations\/"]}]},{"@type":"BreadcrumbList","@id":"https:\/\/www.lejadis.com\/es\/bookings-cancellations\/#breadcrumb","itemListElement":[{"@type":"ListItem","position":1,"name":"Inicio","item":"https:\/\/www.lejadis.com\/es\/"},{"@type":"ListItem","position":2,"name":"Reservas y cancelaciones"}]},{"@type":"WebSite","@id":"https:\/\/www.lejadis.com\/es\/#website","url":"https:\/\/www.lejadis.com\/es\/","name":"Le Jadis Beach Resort &amp; Wellness Mauritius","description":"Best 5-Star Hotel","publisher":{"@id":"https:\/\/www.lejadis.com\/es\/#organization"},"potentialAction":[{"@type":"SearchAction","target":{"@type":"EntryPoint","urlTemplate":"https:\/\/www.lejadis.com\/es\/?s={search_term_string}"},"query-input":{"@type":"PropertyValueSpecification","valueRequired":true,"valueName":"search_term_string"}}],"inLanguage":"es"},{"@type":"Organization","@id":"https:\/\/www.lejadis.com\/es\/#organization","name":"Le Jadis Beach Resort &amp; Wellness Mauritius","url":"https:\/\/www.lejadis.com\/es\/","logo":{"@type":"ImageObject","inLanguage":"es","@id":"https:\/\/www.lejadis.com\/es\/#\/schema\/logo\/image\/","url":"https:\/\/www.lejadis.com\/wp-content\/uploads\/2022\/04\/logo-hover.webp","contentUrl":"https:\/\/www.lejadis.com\/wp-content\/uploads\/2022\/04\/logo-hover.webp","width":247,"height":100,"caption":"Le Jadis Beach Resort &amp; Wellness Mauritius"},"image":{"@id":"https:\/\/www.lejadis.com\/es\/#\/schema\/logo\/image\/"},"sameAs":["https:\/\/m.facebook.com\/LeJadisMauritius\/"]}]}},"_links":{"self":[{"href":"https:\/\/www.lejadis.com\/es\/wp-json\/wp\/v2\/pages\/27689","targetHints":{"allow":["GET"]}}],"collection":[{"href":"https:\/\/www.lejadis.com\/es\/wp-json\/wp\/v2\/pages"}],"about":[{"href":"https:\/\/www.lejadis.com\/es\/wp-json\/wp\/v2\/types\/page"}],"author":[{"embeddable":true,"href":"https:\/\/www.lejadis.com\/es\/wp-json\/wp\/v2\/users\/1"}],"replies":[{"embeddable":true,"href":"https:\/\/www.lejadis.com\/es\/wp-json\/wp\/v2\/comments?post=27689"}],"version-history":[{"count":42,"href":"https:\/\/www.lejadis.com\/es\/wp-json\/wp\/v2\/pages\/27689\/revisions"}],"predecessor-version":[{"id":45464,"href":"https:\/\/www.lejadis.com\/es\/wp-json\/wp\/v2\/pages\/27689\/revisions\/45464"}],"wp:attachment":[{"href":"https:\/\/www.lejadis.com\/es\/wp-json\/wp\/v2\/media?parent=27689"}],"wp:term":[{"taxonomy":"category","embeddable":true,"href":"https:\/\/www.lejadis.com\/es\/wp-json\/wp\/v2\/categories?post=27689"},{"taxonomy":"post_tag","embeddable":true,"href":"https:\/\/www.lejadis.com\/es\/wp-json\/wp\/v2\/tags?post=27689"}],"curies":[{"name":"wp","href":"https:\/\/api.w.org\/{rel}","templated":true}]}}