{"id":27685,"date":"2022-09-21T10:05:38","date_gmt":"2022-09-21T10:05:38","guid":{"rendered":"http:\/\/www.lejadis.com\/equipamiento\/"},"modified":"2023-03-07T13:15:34","modified_gmt":"2023-03-07T13:15:34","slug":"amenities","status":"publish","type":"page","link":"https:\/\/www.lejadis.com\/es\/luxury-suites-villa\/amenities\/","title":{"rendered":"Equipamiento sala general"},"content":{"rendered":"\t\t<div data-elementor-type=\"wp-page\" data-elementor-id=\"27685\" class=\"elementor elementor-27685 elementor-21713\" data-elementor-post-type=\"page\">\n\t\t\t\t\t\t<section class=\"elementor-section elementor-top-section elementor-element elementor-element-f9566a1 elementor-section-items-bottom elementor-section-height-min-height elementor-section-boxed elementor-section-height-default\" data-id=\"f9566a1\" data-element_type=\"section\" id=\"top\" data-settings=\"{&quot;background_background&quot;:&quot;classic&quot;}\">\n\t\t\t\t\t\t<div class=\"elementor-container elementor-column-gap-custom\">\n\t\t\t\t\t<div class=\"elementor-column elementor-col-100 elementor-top-column elementor-element elementor-element-f1bd481\" data-id=\"f1bd481\" data-element_type=\"column\">\n\t\t\t<div class=\"elementor-widget-wrap elementor-element-populated\">\n\t\t\t\t\t\t<div class=\"elementor-element elementor-element-1c42840 elementor-widget elementor-widget-heading\" data-id=\"1c42840\" data-element_type=\"widget\" data-widget_type=\"heading.default\">\n\t\t\t\t<div class=\"elementor-widget-container\">\n\t\t\t<style>\/*! elementor - v3.23.0 - 05-08-2024 *\/\n.elementor-heading-title{padding:0;margin:0;line-height:1}.elementor-widget-heading .elementor-heading-title[class*=elementor-size-]>a{color:inherit;font-size:inherit;line-height:inherit}.elementor-widget-heading .elementor-heading-title.elementor-size-small{font-size:15px}.elementor-widget-heading .elementor-heading-title.elementor-size-medium{font-size:19px}.elementor-widget-heading .elementor-heading-title.elementor-size-large{font-size:29px}.elementor-widget-heading .elementor-heading-title.elementor-size-xl{font-size:39px}.elementor-widget-heading .elementor-heading-title.elementor-size-xxl{font-size:59px}<\/style><h2 class=\"elementor-heading-title elementor-size-default\">EQUIPAMIENTO SALA GENERAL<\/h2>\t\t<\/div>\n\t\t\t\t<\/div>\n\t\t\t\t\t<\/div>\n\t\t<\/div>\n\t\t\t\t\t<\/div>\n\t\t<\/section>\n\t\t\t\t<section class=\"elementor-section elementor-top-section elementor-element elementor-element-a2747e3 booking-widget elementor-section-boxed elementor-section-height-default elementor-section-height-default\" data-id=\"a2747e3\" data-element_type=\"section\">\n\t\t\t\t\t\t<div class=\"elementor-container elementor-column-gap-custom\">\n\t\t\t\t\t<div class=\"elementor-column elementor-col-100 elementor-top-column elementor-element elementor-element-71f0cee\" data-id=\"71f0cee\" data-element_type=\"column\">\n\t\t\t<div class=\"elementor-widget-wrap elementor-element-populated\">\n\t\t\t\t\t\t<div class=\"elementor-element elementor-element-da058d9 elementor-widget elementor-widget-global elementor-global-16241 elementor-widget-html\" data-id=\"da058d9\" data-element_type=\"widget\" data-widget_type=\"html.default\">\n\t\t\t\t<div class=\"elementor-widget-container\">\n\t\t\t<script src=\"https:\/\/hotels.cloudbeds.com\/widget\/load\/KziUki\/horiz?newWindow=1\"><\/script>\r\n\r\n\t\t<\/div>\n\t\t\t\t<\/div>\n\t\t\t\t\t<\/div>\n\t\t<\/div>\n\t\t\t\t\t<\/div>\n\t\t<\/section>\n\t\t\t\t<section class=\"elementor-section elementor-top-section elementor-element elementor-element-c90bc7a elementor-section-boxed elementor-section-height-default elementor-section-height-default\" data-id=\"c90bc7a\" data-element_type=\"section\">\n\t\t\t\t\t\t<div class=\"elementor-container elementor-column-gap-custom\">\n\t\t\t\t\t<div class=\"elementor-column elementor-col-100 elementor-top-column elementor-element elementor-element-c2dc59b\" data-id=\"c2dc59b\" data-element_type=\"column\">\n\t\t\t<div class=\"elementor-widget-wrap elementor-element-populated\">\n\t\t\t\t\t\t<div class=\"elementor-element elementor-element-68dbacc elementor-widget elementor-widget-global elementor-global-21961 elementor-widget-breadcrumbs\" data-id=\"68dbacc\" data-element_type=\"widget\" data-widget_type=\"breadcrumbs.default\">\n\t\t\t\t<div class=\"elementor-widget-container\">\n\t\t\t<link rel=\"stylesheet\" href=\"https:\/\/www.lejadis.com\/wp-content\/plugins\/elementor-pro\/assets\/css\/widget-theme-elements.min.css?ver=1724973211\"><p id=\"breadcrumbs\"><span><span><a href=\"https:\/\/www.lejadis.com\/es\/\">Inicio<\/a><\/span><\/span><\/p>\t\t<\/div>\n\t\t\t\t<\/div>\n\t\t\t\t\t<\/div>\n\t\t<\/div>\n\t\t\t\t\t<\/div>\n\t\t<\/section>\n\t\t\t\t<section class=\"elementor-section elementor-top-section elementor-element elementor-element-338491c elementor-section-boxed elementor-section-height-default elementor-section-height-default\" data-id=\"338491c\" data-element_type=\"section\">\n\t\t\t\t\t\t<div class=\"elementor-container elementor-column-gap-custom\">\n\t\t\t\t\t<div class=\"elementor-column elementor-col-50 elementor-top-column elementor-element elementor-element-637cbc1\" data-id=\"637cbc1\" data-element_type=\"column\" data-settings=\"{&quot;background_background&quot;:&quot;classic&quot;}\">\n\t\t\t<div class=\"elementor-widget-wrap elementor-element-populated\">\n\t\t\t\t\t\t<div class=\"elementor-element elementor-element-024caea elementor-icon-list--layout-traditional elementor-list-item-link-full_width elementor-widget elementor-widget-icon-list\" data-id=\"024caea\" data-element_type=\"widget\" data-widget_type=\"icon-list.default\">\n\t\t\t\t<div class=\"elementor-widget-container\">\n\t\t\t<link rel=\"stylesheet\" href=\"https:\/\/www.lejadis.com\/wp-content\/uploads\/elementor\/css\/custom-widget-icon-list.min.css?ver=1728730711\">\t\t<ul class=\"elementor-icon-list-items\">\n\t\t\t\t\t\t\t<li class=\"elementor-icon-list-item\">\n\t\t\t\t\t\t\t\t\t\t<span class=\"elementor-icon-list-text\">EQUIPAMIENTO Y CARACTER\u00cdSTICAS DE LA HABITACI\u00d3N<\/span>\n\t\t\t\t\t\t\t\t\t<\/li>\n\t\t\t\t\t\t<\/ul>\n\t\t\t\t<\/div>\n\t\t\t\t<\/div>\n\t\t\t\t<div class=\"elementor-element elementor-element-c3361b4 elementor-widget elementor-widget-text-editor\" data-id=\"c3361b4\" data-element_type=\"widget\" data-widget_type=\"text-editor.default\">\n\t\t\t\t<div class=\"elementor-widget-container\">\n\t\t\t<style>\/*! elementor - v3.23.0 - 05-08-2024 *\/\n.elementor-widget-text-editor.elementor-drop-cap-view-stacked .elementor-drop-cap{background-color:#69727d;color:#fff}.elementor-widget-text-editor.elementor-drop-cap-view-framed .elementor-drop-cap{color:#69727d;border:3px solid;background-color:transparent}.elementor-widget-text-editor:not(.elementor-drop-cap-view-default) .elementor-drop-cap{margin-top:8px}.elementor-widget-text-editor:not(.elementor-drop-cap-view-default) .elementor-drop-cap-letter{width:1em;height:1em}.elementor-widget-text-editor .elementor-drop-cap{float:left;text-align:center;line-height:1;font-size:50px}.elementor-widget-text-editor .elementor-drop-cap-letter{display:inline-block}<\/style>\t\t\t\t<ul>\n<li>Suelos de madera, m\u00e1rmol y piedra natural<\/li>\n<li>Gran escritorio de trabajo<\/li>\n<li>Cajones y espacio de guardarropas abundantes<\/li>\n<li>Equipo de preparaci\u00f3n de t\u00e9 y caf\u00e9, incluida una cafetera Nespresso con c\u00e1psulas de caf\u00e9 de cortes\u00eda<\/li>\n<li>Minibar<\/li>\n<li>Caja fuerte electr\u00f3nica en la habitaci\u00f3n<\/li>\n<li>Plancha y tabla de planchar<\/li>\n<li>Aire acondicionado y ventilador de techo con control individual<\/li>\n<li>Servicio de limpieza dos veces al d\u00eda<\/li>\n<li>Agua de cortes\u00eda<\/li>\n<\/ul>\n\t\t\t\t\t\t<\/div>\n\t\t\t\t<\/div>\n\t\t\t\t<div class=\"elementor-element elementor-element-60305f4 elementor-icon-list--layout-traditional elementor-list-item-link-full_width elementor-widget elementor-widget-icon-list\" data-id=\"60305f4\" data-element_type=\"widget\" data-widget_type=\"icon-list.default\">\n\t\t\t\t<div class=\"elementor-widget-container\">\n\t\t\t\t\t<ul class=\"elementor-icon-list-items\">\n\t\t\t\t\t\t\t<li class=\"elementor-icon-list-item\">\n\t\t\t\t\t\t\t\t\t\t<span class=\"elementor-icon-list-text\">TECNOLOG\u00cdA<\/span>\n\t\t\t\t\t\t\t\t\t<\/li>\n\t\t\t\t\t\t<\/ul>\n\t\t\t\t<\/div>\n\t\t\t\t<\/div>\n\t\t\t\t<div class=\"elementor-element elementor-element-8f180a5 elementor-widget elementor-widget-text-editor\" data-id=\"8f180a5\" data-element_type=\"widget\" data-widget_type=\"text-editor.default\">\n\t\t\t\t<div class=\"elementor-widget-container\">\n\t\t\t\t\t\t\t<ul>\n<li>Wi-Fi premium de cortes\u00eda<\/li>\n<li>Televisor LED o LCD con acceso completo por cable<\/li>\n<li>Ipod, reproductor de audio CD-USB (excepto suites de lujo Laguna, y suites Santuario Wellness)<\/li>\n<\/ul>\n\t\t\t\t\t\t<\/div>\n\t\t\t\t<\/div>\n\t\t\t\t<div class=\"elementor-element elementor-element-46215d5 elementor-icon-list--layout-traditional elementor-list-item-link-full_width elementor-widget elementor-widget-icon-list\" data-id=\"46215d5\" data-element_type=\"widget\" data-widget_type=\"icon-list.default\">\n\t\t\t\t<div class=\"elementor-widget-container\">\n\t\t\t\t\t<ul class=\"elementor-icon-list-items\">\n\t\t\t\t\t\t\t<li class=\"elementor-icon-list-item\">\n\t\t\t\t\t\t\t\t\t\t<span class=\"elementor-icon-list-text\">SERVICIO VALIOSO CON RECARGOS ADICIONALES<\/span>\n\t\t\t\t\t\t\t\t\t<\/li>\n\t\t\t\t\t\t<\/ul>\n\t\t\t\t<\/div>\n\t\t\t\t<\/div>\n\t\t\t\t<div class=\"elementor-element elementor-element-250a99d elementor-widget elementor-widget-text-editor\" data-id=\"250a99d\" data-element_type=\"widget\" data-widget_type=\"text-editor.default\">\n\t\t\t\t<div class=\"elementor-widget-container\">\n\t\t\t\t\t\t\t<ul>\n<li>Servicio comedor 24 horas en la suite o en la villa<\/li>\n<li>Configuraci\u00f3n de momentos \u00edntimos<\/li>\n<li>Ba\u00f1o rom\u00e1ntico<\/li>\n<\/ul>\n\t\t\t\t\t\t<\/div>\n\t\t\t\t<\/div>\n\t\t\t\t\t<\/div>\n\t\t<\/div>\n\t\t\t\t<div class=\"elementor-column elementor-col-50 elementor-top-column elementor-element elementor-element-7c61f63\" data-id=\"7c61f63\" data-element_type=\"column\" data-settings=\"{&quot;background_background&quot;:&quot;classic&quot;}\">\n\t\t\t<div class=\"elementor-widget-wrap elementor-element-populated\">\n\t\t\t\t\t\t<div class=\"elementor-element elementor-element-ae7687e elementor-icon-list--layout-traditional elementor-list-item-link-full_width elementor-widget elementor-widget-icon-list\" data-id=\"ae7687e\" data-element_type=\"widget\" data-widget_type=\"icon-list.default\">\n\t\t\t\t<div class=\"elementor-widget-container\">\n\t\t\t\t\t<ul class=\"elementor-icon-list-items\">\n\t\t\t\t\t\t\t<li class=\"elementor-icon-list-item\">\n\t\t\t\t\t\t\t\t\t\t<span class=\"elementor-icon-list-text\">CAMA Y BA\u00d1O<\/span>\n\t\t\t\t\t\t\t\t\t<\/li>\n\t\t\t\t\t\t<\/ul>\n\t\t\t\t<\/div>\n\t\t\t\t<\/div>\n\t\t\t\t<div class=\"elementor-element elementor-element-067533a elementor-widget elementor-widget-text-editor\" data-id=\"067533a\" data-element_type=\"widget\" data-widget_type=\"text-editor.default\">\n\t\t\t\t<div class=\"elementor-widget-container\">\n\t\t\t\t\t\t\t<ul>\n<li>Tocador doble con espejos para maquillarse y afeitarse (excepto Santuario Wellness Rubia con jard\u00edn y Santuario Wellness Lily), batas y pantuflas<\/li>\n<li>Art\u00edculos de aseo personal (nota: nuestros envoltorios son<\/li>\n<li>Art\u00edculos de aseo personal (nota: nuestros envoltorios son biodegradables, 100 % sin \u00e1rboles e impresos con tinta ecol\u00f3gica, que no contamina el agua ni el aire durante la fabricaci\u00f3n)<\/li>\n<li>Conjunto de cuidado personal<\/li>\n<li>Secador de pelo<\/li>\n<li>Cuna de beb\u00e9 (disponible previa solicitud y seg\u00fan disponibilidad)<\/li>\n<li>Cama supletoria (disponible previa solicitud y seg\u00fan disponibilidad)<\/li>\n<\/ul>\n\t\t\t\t\t\t<\/div>\n\t\t\t\t<\/div>\n\t\t\t\t<div class=\"elementor-element elementor-element-9e95786 elementor-icon-list--layout-traditional elementor-list-item-link-full_width elementor-widget elementor-widget-icon-list\" data-id=\"9e95786\" data-element_type=\"widget\" data-widget_type=\"icon-list.default\">\n\t\t\t\t<div class=\"elementor-widget-container\">\n\t\t\t\t\t<ul class=\"elementor-icon-list-items\">\n\t\t\t\t\t\t\t<li class=\"elementor-icon-list-item\">\n\t\t\t\t\t\t\t\t\t\t<span class=\"elementor-icon-list-text\">EQUIPAMIENTO DE PLAYA (de cortes\u00eda)<\/span>\n\t\t\t\t\t\t\t\t\t<\/li>\n\t\t\t\t\t\t<\/ul>\n\t\t\t\t<\/div>\n\t\t\t\t<\/div>\n\t\t\t\t<div class=\"elementor-element elementor-element-2709ff7 elementor-widget elementor-widget-text-editor\" data-id=\"2709ff7\" data-element_type=\"widget\" data-widget_type=\"text-editor.default\">\n\t\t\t\t<div class=\"elementor-widget-container\">\n\t\t\t\t\t\t\t<ul>\n<li>Limpiador de gafas en spray<\/li>\n<li>Bruma facial refrescante en spray<\/li>\n<li>Agua fr\u00eda<\/li>\n<li>Toallitas faciales<\/li>\n<\/ul>\n\t\t\t\t\t\t<\/div>\n\t\t\t\t<\/div>\n\t\t\t\t\t<\/div>\n\t\t<\/div>\n\t\t\t\t\t<\/div>\n\t\t<\/section>\n\t\t\t\t<\/div>\n\t\t","protected":false},"excerpt":{"rendered":"<p>EQUIPAMIENTO SALA GENERAL EQUIPAMIENTO Y CARACTER\u00cdSTICAS DE LA HABITACI\u00d3N Suelos de madera, m\u00e1rmol y piedra natural Gran escritorio de trabajo Cajones y espacio de guardarropas abundantes Equipo de preparaci\u00f3n de t\u00e9 y caf\u00e9, incluida una cafetera Nespresso con c\u00e1psulas de caf\u00e9 de cortes\u00eda Minibar Caja fuerte electr\u00f3nica en la habitaci\u00f3n Plancha y tabla de planchar [&hellip;]<\/p>\n","protected":false},"author":1,"featured_media":0,"parent":28108,"menu_order":0,"comment_status":"closed","ping_status":"closed","template":"elementor_header_footer","meta":{"_acf_changed":false,"footnotes":""},"categories":[1],"tags":[],"class_list":["post-27685","page","type-page","status-publish","hentry","category-uncategorized"],"acf":[],"yoast_head":"<!-- This site is optimized with the Yoast SEO plugin v27.4 - https:\/\/yoast.com\/product\/yoast-seo-wordpress\/ -->\n<title>Equipamiento sala general - Le Jadis Beach Resort &amp; Wellness Mauritius<\/title>\n<meta name=\"robots\" content=\"index, follow, max-snippet:-1, max-image-preview:large, max-video-preview:-1\" \/>\n<link rel=\"canonical\" href=\"https:\/\/www.lejadis.com\/es\/luxury-suites-villa\/amenities\/\" \/>\n<meta property=\"og:locale\" content=\"es_ES\" \/>\n<meta property=\"og:type\" content=\"article\" \/>\n<meta property=\"og:title\" content=\"Equipamiento sala general - Le Jadis Beach Resort &amp; Wellness Mauritius\" \/>\n<meta property=\"og:description\" content=\"EQUIPAMIENTO SALA GENERAL EQUIPAMIENTO Y CARACTER\u00cdSTICAS DE LA HABITACI\u00d3N Suelos de madera, m\u00e1rmol y piedra natural Gran escritorio de trabajo Cajones y espacio de guardarropas abundantes Equipo de preparaci\u00f3n de t\u00e9 y caf\u00e9, incluida una cafetera Nespresso con c\u00e1psulas de caf\u00e9 de cortes\u00eda Minibar Caja fuerte electr\u00f3nica en la habitaci\u00f3n Plancha y tabla de planchar [&hellip;]\" \/>\n<meta property=\"og:url\" content=\"https:\/\/www.lejadis.com\/es\/luxury-suites-villa\/amenities\/\" \/>\n<meta property=\"og:site_name\" content=\"Le Jadis Beach Resort &amp; Wellness Mauritius\" \/>\n<meta property=\"article:publisher\" content=\"https:\/\/m.facebook.com\/LeJadisMauritius\/\" \/>\n<meta property=\"article:modified_time\" content=\"2023-03-07T13:15:34+00:00\" \/>\n<meta name=\"twitter:card\" content=\"summary_large_image\" \/>\n<meta name=\"twitter:label1\" content=\"Tiempo de lectura\" \/>\n\t<meta name=\"twitter:data1\" content=\"2 minutos\" \/>\n<script type=\"application\/ld+json\" class=\"yoast-schema-graph\">{\"@context\":\"https:\\\/\\\/schema.org\",\"@graph\":[{\"@type\":\"WebPage\",\"@id\":\"https:\\\/\\\/www.lejadis.com\\\/es\\\/luxury-suites-villa\\\/amenities\\\/\",\"url\":\"https:\\\/\\\/www.lejadis.com\\\/es\\\/luxury-suites-villa\\\/amenities\\\/\",\"name\":\"Equipamiento sala general - Le Jadis Beach Resort &amp; Wellness Mauritius\",\"isPartOf\":{\"@id\":\"https:\\\/\\\/www.lejadis.com\\\/es\\\/#website\"},\"datePublished\":\"2022-09-21T10:05:38+00:00\",\"dateModified\":\"2023-03-07T13:15:34+00:00\",\"breadcrumb\":{\"@id\":\"https:\\\/\\\/www.lejadis.com\\\/es\\\/luxury-suites-villa\\\/amenities\\\/#breadcrumb\"},\"inLanguage\":\"es\",\"potentialAction\":[{\"@type\":\"ReadAction\",\"target\":[\"https:\\\/\\\/www.lejadis.com\\\/es\\\/luxury-suites-villa\\\/amenities\\\/\"]}]},{\"@type\":\"BreadcrumbList\",\"@id\":\"https:\\\/\\\/www.lejadis.com\\\/es\\\/luxury-suites-villa\\\/amenities\\\/#breadcrumb\",\"itemListElement\":[{\"@type\":\"ListItem\",\"position\":1,\"name\":\"Inicio\",\"item\":\"https:\\\/\\\/www.lejadis.com\\\/es\\\/\"},{\"@type\":\"ListItem\",\"position\":2,\"name\":\"Suites y villas de lujo\",\"item\":\"https:\\\/\\\/www.lejadis.com\\\/es\\\/luxury-suites-villa\\\/\"},{\"@type\":\"ListItem\",\"position\":3,\"name\":\"Equipamiento sala general\"}]},{\"@type\":\"WebSite\",\"@id\":\"https:\\\/\\\/www.lejadis.com\\\/es\\\/#website\",\"url\":\"https:\\\/\\\/www.lejadis.com\\\/es\\\/\",\"name\":\"Le Jadis Beach Resort &amp; Wellness Mauritius\",\"description\":\"Best 5-Star Hotel\",\"publisher\":{\"@id\":\"https:\\\/\\\/www.lejadis.com\\\/es\\\/#organization\"},\"potentialAction\":[{\"@type\":\"SearchAction\",\"target\":{\"@type\":\"EntryPoint\",\"urlTemplate\":\"https:\\\/\\\/www.lejadis.com\\\/es\\\/?s={search_term_string}\"},\"query-input\":{\"@type\":\"PropertyValueSpecification\",\"valueRequired\":true,\"valueName\":\"search_term_string\"}}],\"inLanguage\":\"es\"},{\"@type\":\"Organization\",\"@id\":\"https:\\\/\\\/www.lejadis.com\\\/es\\\/#organization\",\"name\":\"Le Jadis Beach Resort &amp; Wellness Mauritius\",\"url\":\"https:\\\/\\\/www.lejadis.com\\\/es\\\/\",\"logo\":{\"@type\":\"ImageObject\",\"inLanguage\":\"es\",\"@id\":\"https:\\\/\\\/www.lejadis.com\\\/es\\\/#\\\/schema\\\/logo\\\/image\\\/\",\"url\":\"https:\\\/\\\/www.lejadis.com\\\/wp-content\\\/uploads\\\/2022\\\/04\\\/logo-hover.webp\",\"contentUrl\":\"https:\\\/\\\/www.lejadis.com\\\/wp-content\\\/uploads\\\/2022\\\/04\\\/logo-hover.webp\",\"width\":247,\"height\":100,\"caption\":\"Le Jadis Beach Resort &amp; Wellness Mauritius\"},\"image\":{\"@id\":\"https:\\\/\\\/www.lejadis.com\\\/es\\\/#\\\/schema\\\/logo\\\/image\\\/\"},\"sameAs\":[\"https:\\\/\\\/m.facebook.com\\\/LeJadisMauritius\\\/\"]}]}<\/script>\n<!-- \/ Yoast SEO plugin. -->","yoast_head_json":{"title":"Equipamiento sala general - Le Jadis Beach Resort &amp; Wellness Mauritius","robots":{"index":"index","follow":"follow","max-snippet":"max-snippet:-1","max-image-preview":"max-image-preview:large","max-video-preview":"max-video-preview:-1"},"canonical":"https:\/\/www.lejadis.com\/es\/luxury-suites-villa\/amenities\/","og_locale":"es_ES","og_type":"article","og_title":"Equipamiento sala general - Le Jadis Beach Resort &amp; Wellness Mauritius","og_description":"EQUIPAMIENTO SALA GENERAL EQUIPAMIENTO Y CARACTER\u00cdSTICAS DE LA HABITACI\u00d3N Suelos de madera, m\u00e1rmol y piedra natural Gran escritorio de trabajo Cajones y espacio de guardarropas abundantes Equipo de preparaci\u00f3n de t\u00e9 y caf\u00e9, incluida una cafetera Nespresso con c\u00e1psulas de caf\u00e9 de cortes\u00eda Minibar Caja fuerte electr\u00f3nica en la habitaci\u00f3n Plancha y tabla de planchar [&hellip;]","og_url":"https:\/\/www.lejadis.com\/es\/luxury-suites-villa\/amenities\/","og_site_name":"Le Jadis Beach Resort &amp; Wellness Mauritius","article_publisher":"https:\/\/m.facebook.com\/LeJadisMauritius\/","article_modified_time":"2023-03-07T13:15:34+00:00","twitter_card":"summary_large_image","twitter_misc":{"Tiempo de lectura":"2 minutos"},"schema":{"@context":"https:\/\/schema.org","@graph":[{"@type":"WebPage","@id":"https:\/\/www.lejadis.com\/es\/luxury-suites-villa\/amenities\/","url":"https:\/\/www.lejadis.com\/es\/luxury-suites-villa\/amenities\/","name":"Equipamiento sala general - Le Jadis Beach Resort &amp; Wellness Mauritius","isPartOf":{"@id":"https:\/\/www.lejadis.com\/es\/#website"},"datePublished":"2022-09-21T10:05:38+00:00","dateModified":"2023-03-07T13:15:34+00:00","breadcrumb":{"@id":"https:\/\/www.lejadis.com\/es\/luxury-suites-villa\/amenities\/#breadcrumb"},"inLanguage":"es","potentialAction":[{"@type":"ReadAction","target":["https:\/\/www.lejadis.com\/es\/luxury-suites-villa\/amenities\/"]}]},{"@type":"BreadcrumbList","@id":"https:\/\/www.lejadis.com\/es\/luxury-suites-villa\/amenities\/#breadcrumb","itemListElement":[{"@type":"ListItem","position":1,"name":"Inicio","item":"https:\/\/www.lejadis.com\/es\/"},{"@type":"ListItem","position":2,"name":"Suites y villas de lujo","item":"https:\/\/www.lejadis.com\/es\/luxury-suites-villa\/"},{"@type":"ListItem","position":3,"name":"Equipamiento sala general"}]},{"@type":"WebSite","@id":"https:\/\/www.lejadis.com\/es\/#website","url":"https:\/\/www.lejadis.com\/es\/","name":"Le Jadis Beach Resort &amp; Wellness Mauritius","description":"Best 5-Star Hotel","publisher":{"@id":"https:\/\/www.lejadis.com\/es\/#organization"},"potentialAction":[{"@type":"SearchAction","target":{"@type":"EntryPoint","urlTemplate":"https:\/\/www.lejadis.com\/es\/?s={search_term_string}"},"query-input":{"@type":"PropertyValueSpecification","valueRequired":true,"valueName":"search_term_string"}}],"inLanguage":"es"},{"@type":"Organization","@id":"https:\/\/www.lejadis.com\/es\/#organization","name":"Le Jadis Beach Resort &amp; Wellness Mauritius","url":"https:\/\/www.lejadis.com\/es\/","logo":{"@type":"ImageObject","inLanguage":"es","@id":"https:\/\/www.lejadis.com\/es\/#\/schema\/logo\/image\/","url":"https:\/\/www.lejadis.com\/wp-content\/uploads\/2022\/04\/logo-hover.webp","contentUrl":"https:\/\/www.lejadis.com\/wp-content\/uploads\/2022\/04\/logo-hover.webp","width":247,"height":100,"caption":"Le Jadis Beach Resort &amp; Wellness Mauritius"},"image":{"@id":"https:\/\/www.lejadis.com\/es\/#\/schema\/logo\/image\/"},"sameAs":["https:\/\/m.facebook.com\/LeJadisMauritius\/"]}]}},"_links":{"self":[{"href":"https:\/\/www.lejadis.com\/es\/wp-json\/wp\/v2\/pages\/27685","targetHints":{"allow":["GET"]}}],"collection":[{"href":"https:\/\/www.lejadis.com\/es\/wp-json\/wp\/v2\/pages"}],"about":[{"href":"https:\/\/www.lejadis.com\/es\/wp-json\/wp\/v2\/types\/page"}],"author":[{"embeddable":true,"href":"https:\/\/www.lejadis.com\/es\/wp-json\/wp\/v2\/users\/1"}],"replies":[{"embeddable":true,"href":"https:\/\/www.lejadis.com\/es\/wp-json\/wp\/v2\/comments?post=27685"}],"version-history":[{"count":1,"href":"https:\/\/www.lejadis.com\/es\/wp-json\/wp\/v2\/pages\/27685\/revisions"}],"predecessor-version":[{"id":31331,"href":"https:\/\/www.lejadis.com\/es\/wp-json\/wp\/v2\/pages\/27685\/revisions\/31331"}],"up":[{"embeddable":true,"href":"https:\/\/www.lejadis.com\/es\/wp-json\/wp\/v2\/pages\/28108"}],"wp:attachment":[{"href":"https:\/\/www.lejadis.com\/es\/wp-json\/wp\/v2\/media?parent=27685"}],"wp:term":[{"taxonomy":"category","embeddable":true,"href":"https:\/\/www.lejadis.com\/es\/wp-json\/wp\/v2\/categories?post=27685"},{"taxonomy":"post_tag","embeddable":true,"href":"https:\/\/www.lejadis.com\/es\/wp-json\/wp\/v2\/tags?post=27685"}],"curies":[{"name":"wp","href":"https:\/\/api.w.org\/{rel}","templated":true}]}}