{"id":27995,"date":"2022-09-06T20:53:40","date_gmt":"2022-09-06T20:53:40","guid":{"rendered":"http:\/\/www.lejadis.com\/buchungen-stornierungen\/"},"modified":"2025-12-08T11:44:33","modified_gmt":"2025-12-08T11:44:33","slug":"bookings-cancellations","status":"publish","type":"page","link":"https:\/\/www.lejadis.com\/de\/bookings-cancellations\/","title":{"rendered":"Buchungen &#038; stornierungen"},"content":{"rendered":"\t\t<div data-elementor-type=\"wp-page\" data-elementor-id=\"27995\" class=\"elementor elementor-27995 elementor-20108\" data-elementor-post-type=\"page\">\n\t\t\t\t\t\t<section class=\"elementor-section elementor-top-section elementor-element elementor-element-088598b elementor-section-items-bottom elementor-section-height-min-height elementor-section-boxed elementor-section-height-default\" data-id=\"088598b\" data-element_type=\"section\" id=\"top\" data-settings=\"{&quot;background_background&quot;:&quot;classic&quot;}\">\n\t\t\t\t\t\t<div class=\"elementor-container elementor-column-gap-custom\">\n\t\t\t\t\t<div class=\"elementor-column elementor-col-100 elementor-top-column elementor-element elementor-element-99a7b24\" data-id=\"99a7b24\" data-element_type=\"column\">\n\t\t\t<div class=\"elementor-widget-wrap elementor-element-populated\">\n\t\t\t\t\t\t<div class=\"elementor-element elementor-element-1e30bb9 elementor-widget elementor-widget-heading\" data-id=\"1e30bb9\" data-element_type=\"widget\" data-widget_type=\"heading.default\">\n\t\t\t\t<div class=\"elementor-widget-container\">\n\t\t\t<style>\/*! elementor - v3.23.0 - 05-08-2024 *\/\n.elementor-heading-title{padding:0;margin:0;line-height:1}.elementor-widget-heading .elementor-heading-title[class*=elementor-size-]>a{color:inherit;font-size:inherit;line-height:inherit}.elementor-widget-heading .elementor-heading-title.elementor-size-small{font-size:15px}.elementor-widget-heading .elementor-heading-title.elementor-size-medium{font-size:19px}.elementor-widget-heading .elementor-heading-title.elementor-size-large{font-size:29px}.elementor-widget-heading .elementor-heading-title.elementor-size-xl{font-size:39px}.elementor-widget-heading .elementor-heading-title.elementor-size-xxl{font-size:59px}<\/style><h2 class=\"elementor-heading-title elementor-size-default\">BUCHUNGEN &amp; STORNIERUNGEN<\/h2>\t\t<\/div>\n\t\t\t\t<\/div>\n\t\t\t\t\t<\/div>\n\t\t<\/div>\n\t\t\t\t\t<\/div>\n\t\t<\/section>\n\t\t\t\t<section class=\"elementor-section elementor-top-section elementor-element elementor-element-ac8be7f booking-widget elementor-section-boxed elementor-section-height-default elementor-section-height-default\" data-id=\"ac8be7f\" data-element_type=\"section\">\n\t\t\t\t\t\t<div class=\"elementor-container elementor-column-gap-custom\">\n\t\t\t\t\t<div class=\"elementor-column elementor-col-100 elementor-top-column elementor-element elementor-element-7e08730\" data-id=\"7e08730\" data-element_type=\"column\">\n\t\t\t<div class=\"elementor-widget-wrap elementor-element-populated\">\n\t\t\t\t\t\t<div class=\"elementor-element elementor-element-fa428e5 elementor-widget elementor-widget-global elementor-global-16241 elementor-widget-html\" data-id=\"fa428e5\" data-element_type=\"widget\" data-widget_type=\"html.default\">\n\t\t\t\t<div class=\"elementor-widget-container\">\n\t\t\t<script src=\"https:\/\/hotels.cloudbeds.com\/widget\/load\/KziUki\/horiz?newWindow=1\"><\/script>\r\n\r\n\t\t<\/div>\n\t\t\t\t<\/div>\n\t\t\t\t\t<\/div>\n\t\t<\/div>\n\t\t\t\t\t<\/div>\n\t\t<\/section>\n\t\t\t\t<section class=\"elementor-section elementor-top-section elementor-element elementor-element-2bcb057 elementor-section-boxed elementor-section-height-default elementor-section-height-default\" data-id=\"2bcb057\" data-element_type=\"section\">\n\t\t\t\t\t\t<div class=\"elementor-container elementor-column-gap-custom\">\n\t\t\t\t\t<div class=\"elementor-column elementor-col-100 elementor-top-column elementor-element elementor-element-2c11a1b\" data-id=\"2c11a1b\" data-element_type=\"column\">\n\t\t\t<div class=\"elementor-widget-wrap elementor-element-populated\">\n\t\t\t\t\t\t<div class=\"elementor-element elementor-element-75a2a2e elementor-widget elementor-widget-global elementor-global-21961 elementor-widget-breadcrumbs\" data-id=\"75a2a2e\" data-element_type=\"widget\" data-widget_type=\"breadcrumbs.default\">\n\t\t\t\t<div class=\"elementor-widget-container\">\n\t\t\t<link rel=\"stylesheet\" href=\"https:\/\/www.lejadis.com\/wp-content\/plugins\/elementor-pro\/assets\/css\/widget-theme-elements.min.css?ver=1724973211\"><p id=\"breadcrumbs\"><span><span><a href=\"https:\/\/www.lejadis.com\/de\/\">Startseite<\/a><\/span><\/span><\/p>\t\t<\/div>\n\t\t\t\t<\/div>\n\t\t\t\t\t<\/div>\n\t\t<\/div>\n\t\t\t\t\t<\/div>\n\t\t<\/section>\n\t\t\t\t<section class=\"elementor-section elementor-top-section elementor-element elementor-element-fde7859 elementor-section-boxed elementor-section-height-default elementor-section-height-default\" data-id=\"fde7859\" data-element_type=\"section\">\n\t\t\t\t\t\t<div class=\"elementor-container elementor-column-gap-custom\">\n\t\t\t\t\t<div class=\"elementor-column elementor-col-100 elementor-top-column elementor-element elementor-element-28ac9c2\" data-id=\"28ac9c2\" data-element_type=\"column\">\n\t\t\t<div class=\"elementor-widget-wrap elementor-element-populated\">\n\t\t\t\t\t\t<div class=\"elementor-element elementor-element-ae68baf elementor-widget elementor-widget-heading\" data-id=\"ae68baf\" data-element_type=\"widget\" data-widget_type=\"heading.default\">\n\t\t\t\t<div class=\"elementor-widget-container\">\n\t\t\t<h2 class=\"elementor-heading-title elementor-size-default\">PREISE<\/h2>\t\t<\/div>\n\t\t\t\t<\/div>\n\t\t\t\t<div class=\"elementor-element elementor-element-cc74709 elementor-widget elementor-widget-text-editor\" data-id=\"cc74709\" data-element_type=\"widget\" data-widget_type=\"text-editor.default\">\n\t\t\t\t<div class=\"elementor-widget-container\">\n\t\t\t<style>\/*! elementor - v3.23.0 - 05-08-2024 *\/\n.elementor-widget-text-editor.elementor-drop-cap-view-stacked .elementor-drop-cap{background-color:#69727d;color:#fff}.elementor-widget-text-editor.elementor-drop-cap-view-framed .elementor-drop-cap{color:#69727d;border:3px solid;background-color:transparent}.elementor-widget-text-editor:not(.elementor-drop-cap-view-default) .elementor-drop-cap{margin-top:8px}.elementor-widget-text-editor:not(.elementor-drop-cap-view-default) .elementor-drop-cap-letter{width:1em;height:1em}.elementor-widget-text-editor .elementor-drop-cap{float:left;text-align:center;line-height:1;font-size:50px}.elementor-widget-text-editor .elementor-drop-cap-letter{display:inline-block}<\/style>\t\t\t\t<ul>\n \t<li style=\"font-weight: 400;\" aria-level=\"1\"><span style=\"font-weight: 400;\">Die Zimmerpreise sind in Euro (EUR) angegeben und gelten pro Suite\/Villa und Nacht.<\/span><\/li>\n \t<li style=\"font-weight: 400;\" aria-level=\"1\"><span style=\"font-weight: 400;\">Die Preise unterliegen einer staatlichen Steuer von 15%.<\/span><\/li>\n \t<li style=\"font-weight: 400;\" aria-level=\"1\"><span style=\"font-weight: 400;\">Die Preise, Inklusivleistungen und Zimmerbelegungen entsprechen den Angaben in Ihrer Buchungsbest\u00e4tigung, und die Preise k\u00f6nnen ohne vorherige Ank\u00fcndigung ge\u00e4ndert werden.<\/span><\/li>\n<\/ul>\t\t\t\t\t\t<\/div>\n\t\t\t\t<\/div>\n\t\t\t\t<div class=\"elementor-element elementor-element-7a02fe3 elementor-widget elementor-widget-heading\" data-id=\"7a02fe3\" data-element_type=\"widget\" data-widget_type=\"heading.default\">\n\t\t\t\t<div class=\"elementor-widget-container\">\n\t\t\t<h2 class=\"elementor-heading-title elementor-size-default\">ANKUNFT UND ABREISE<\/h2>\t\t<\/div>\n\t\t\t\t<\/div>\n\t\t\t\t<div class=\"elementor-element elementor-element-b4d17a0 elementor-widget elementor-widget-text-editor\" data-id=\"b4d17a0\" data-element_type=\"widget\" data-widget_type=\"text-editor.default\">\n\t\t\t\t<div class=\"elementor-widget-container\">\n\t\t\t\t\t\t\t<ul>\n<li style=\"font-weight: 400;\" aria-level=\"1\"><span style=\"font-weight: 400;\">Check-in ist um 14:00 Uhr und Check-out um 11:00 Uhr.<\/span><\/li>\n<li style=\"font-weight: 400;\" aria-level=\"1\"><span style=\"font-weight: 400;\">Fr\u00fches Einchecken und sp\u00e4tes Auschecken sind von der Verf\u00fcgbarkeit abh\u00e4ngig.<\/span><\/li>\n<li style=\"font-weight: 400;\" aria-level=\"1\"><span style=\"font-weight: 400;\">Der Fr\u00fch-Check-in-Service erm\u00f6glicht es Ihnen, die Privatsph\u00e4re und den Komfort Ihrer Suite bereits vor der Check-in-Zeit von 14:00 Uhr zu genie\u00dfen. Wenn Sie einen garantierten fr\u00fchen Check-in in Anspruch nehmen m\u00f6chten, muss Ihre Suite\/Villa einen Tag vor Ihrem Anreisedatum gebucht werden.<\/span><\/li>\n<li style=\"font-weight: 400;\" aria-level=\"1\"><span style=\"font-weight: 400;\">F\u00fcr einen sp\u00e4ten Check-out zwischen 11:00 und 18:00 Uhr werden 50 % des besten verf\u00fcgbaren Preises des Tages berechnet.<\/span><\/li>\n<li style=\"font-weight: 400;\" aria-level=\"1\"><span style=\"font-weight: 400;\">Bei versp\u00e4tetem Check-out ab 18:00 Uhr werden 100% des besten verf\u00fcgbaren Preises des Tages berechnet.<\/span><\/li>\n<li style=\"font-weight: 400;\" aria-level=\"1\"><span style=\"font-weight: 400;\">Sollte es nicht m\u00f6glich sein, den sp\u00e4ten Check-Out auf die Suite\/Villa, in der sich die G\u00e4ste aufhalten, auszudehnen, beh\u00e4lt sich das Hotel das Recht vor, je nach Verf\u00fcgbarkeit des Zimmers alternative Vorkehrungen zu treffen.<\/span><\/li>\n<li style=\"font-weight: 400;\" aria-level=\"1\"><span style=\"font-weight: 400;\">Bei vorzeitiger Abreise oder Nichterscheinen (d.h. die Reservierung wird weder genutzt noch storniert) wird der Gesamtbetrag der best\u00e4tigten \u00dcbernachtungen f\u00fcr den gesamten Aufenthalt in Rechnung gestellt. Vorzeitige Abreisen oder Stornierungen aufgrund von schlechtem Wetter werden voll in Rechnung gestellt. <\/span><\/li>\n<\/ul>\t\t\t\t\t\t<\/div>\n\t\t\t\t<\/div>\n\t\t\t\t<div class=\"elementor-element elementor-element-954b3ab elementor-widget elementor-widget-heading\" data-id=\"954b3ab\" data-element_type=\"widget\" data-widget_type=\"heading.default\">\n\t\t\t\t<div class=\"elementor-widget-container\">\n\t\t\t<h2 class=\"elementor-heading-title elementor-size-default\">ZUSCHL\u00c4GE F\u00dcR ZUS\u00c4TZLICHE G\u00c4STE UND KINDER<\/h2>\t\t<\/div>\n\t\t\t\t<\/div>\n\t\t\t\t<div class=\"elementor-element elementor-element-c6d597c elementor-widget elementor-widget-text-editor\" data-id=\"c6d597c\" data-element_type=\"widget\" data-widget_type=\"text-editor.default\">\n\t\t\t\t<div class=\"elementor-widget-container\">\n\t\t\t\t\t\t\t<span style=\"font-weight: 400;\">Vorbehaltlich der maximalen Belegung pro Zimmer gilt f\u00fcr zus\u00e4tzliche G\u00e4ste in der Suite\/Villa Folgendes:<\/span>\t\t\t\t\t\t<\/div>\n\t\t\t\t<\/div>\n\t\t\t\t<div class=\"elementor-element elementor-element-aef6c9f elementor-widget elementor-widget-text-editor\" data-id=\"aef6c9f\" data-element_type=\"widget\" data-widget_type=\"text-editor.default\">\n\t\t\t\t<div class=\"elementor-widget-container\">\n\t\t\t\t\t\t\t<ul>\n<li style=\"font-weight: 400;\" aria-level=\"1\"><span style=\"font-weight: 400;\">Ein S\u00e4ugling oder Kleinkind im Alter von 0 bis 2,99 Jahren wird kostenlos auf dem gleichen Mahlzeitenplan wie die Eltern gebucht. Dies beinhaltet bei Bedarf ein Kinderbett, abh\u00e4ngig von der Verf\u00fcgbarkeit.<\/span><\/li>\n<li style=\"font-weight: 400;\" aria-level=\"1\">Gast (12+ Jahre) &#8211; nicht anwendbar.<\/li>\n<li style=\"font-weight: 400;\" aria-level=\"1\"><span style=\"font-weight: 400;\">Haustiere sind nicht erlaubt.<\/span><\/li>\n<\/ul>\t\t\t\t\t\t<\/div>\n\t\t\t\t<\/div>\n\t\t\t\t<div class=\"elementor-element elementor-element-4cd0ba4 elementor-widget elementor-widget-heading\" data-id=\"4cd0ba4\" data-element_type=\"widget\" data-widget_type=\"heading.default\">\n\t\t\t\t<div class=\"elementor-widget-container\">\n\t\t\t<h2 class=\"elementor-heading-title elementor-size-default\">RICHTLINIE ZUR ZAHLUNGSGARANTIE\n<\/h2>\t\t<\/div>\n\t\t\t\t<\/div>\n\t\t\t\t<div class=\"elementor-element elementor-element-e264240 elementor-widget elementor-widget-text-editor\" data-id=\"e264240\" data-element_type=\"widget\" data-widget_type=\"text-editor.default\">\n\t\t\t\t<div class=\"elementor-widget-container\">\n\t\t\t\t\t\t\t<p class=\"ds-markdown-paragraph\"><strong>F\u00fcr alle Unterk\u00fcnfte mit Ausnahme der Imperial Beach Villa<\/strong><br \/>F\u00fcr Reisezeitr\u00e4ume 07. Januar 2025 \u2013 25. Dezember 2025 und 07. Januar 2026 \u2013 25. Dezember 2026:<br \/>\u2022 Eine Vorauszahlung in H\u00f6he einer \u00dcbernachtung ist zum Zeitpunkt der Reservierung erforderlich, um die Buchung zu garantieren und zu best\u00e4tigen.<br \/>\u2022 Der Restbetrag ist bei Ankunft im Resort zu begleichen.<br \/>F\u00fcr Reisezeitr\u00e4ume 26. Dezember 2025 \u2013 06. Januar 2026 und 26. Dezember 2026 \u2013 05. Januar 2027:<br \/>\u2022 Eine Vorauszahlung in H\u00f6he von 50 % ist zum Zeitpunkt der Reservierung erforderlich, um die Buchung zu garantieren und zu best\u00e4tigen.<br \/>\u2022 Der Restbetrag ist 30 Tage vor Ankunft zu begleichen.<\/p><p>\u00a0<\/p><p class=\"ds-markdown-paragraph\"><strong>F\u00fcr die Imperial Beach Villa<\/strong><br \/>F\u00fcr Aufenthaltszeitr\u00e4ume 07. Januar 2025 \u2013 25. Dezember 2025 und 07. Januar 2026 \u2013 25. Dezember 2026:<br \/>\u2022 Eine Vorauszahlung in H\u00f6he von 50 % ist zum Zeitpunkt der Reservierung erforderlich, um die Buchung zu garantieren und zu best\u00e4tigen.<br \/>\u2022 Der Restbetrag ist bei Ankunft im Resort zu begleichen.<br \/>F\u00fcr Aufenthaltszeitr\u00e4ume 26. Dezember 2025 \u2013 06. Januar 2026 und 26. Dezember 2026 \u2013 05. Januar 2027:<br \/>\u2022 Eine Vorauszahlung in H\u00f6he von 50 % ist zum Zeitpunkt der Reservierung erforderlich, um die Buchung zu garantieren und zu best\u00e4tigen.<br \/>\u2022 Der Restbetrag ist 60 Tage vor Ankunft zu begleichen.<\/p>\t\t\t\t\t\t<\/div>\n\t\t\t\t<\/div>\n\t\t\t\t<div class=\"elementor-element elementor-element-72aeb1b elementor-widget elementor-widget-heading\" data-id=\"72aeb1b\" data-element_type=\"widget\" data-widget_type=\"heading.default\">\n\t\t\t\t<div class=\"elementor-widget-container\">\n\t\t\t<h2 class=\"elementor-heading-title elementor-size-default\">STORNIERUNGSBEDINGUNGEN<\/h2>\t\t<\/div>\n\t\t\t\t<\/div>\n\t\t\t\t<div class=\"elementor-element elementor-element-555b258 elementor-widget elementor-widget-text-editor\" data-id=\"555b258\" data-element_type=\"widget\" data-widget_type=\"text-editor.default\">\n\t\t\t\t<div class=\"elementor-widget-container\">\n\t\t\t\t\t\t\t<p class=\"ds-markdown-paragraph\"><strong>F\u00fcr alle Unterk\u00fcnfte mit Ausnahme der Imperial Beach Villa<\/strong><br \/>F\u00fcr Reisezeitr\u00e4ume 07. Januar 2025 \u2013 25. Dezember 2025 und 07. Januar 2026 \u2013 25. Dezember 2026:<br \/>\u2022 Kostenlose Stornierung bis zu 7 Tage vor Ankunft.<br \/>\u2022 Bei Stornierungen, die 6 Tage oder weniger vor Ankunft erfolgen, wird eine Stornogeb\u00fchr in H\u00f6he des Betrags einer \u00dcbernachtung f\u00e4llig.<br \/>\u2022 Bei Nichtanreise (No-Shows) wird eine Stornogeb\u00fchr in H\u00f6he von 100 % des Gesamtaufenthaltsbetrags f\u00e4llig.<br \/>F\u00fcr Reisezeitr\u00e4ume 26. Dezember 2025 \u2013 06. Januar 2026 und 26. Dezember 2026 \u2013 05. Januar 2027:<br \/>\u2022 Kostenlose Stornierung bis zu 60 Tage vor Ankunft.<br \/>\u2022 Bei Stornierungen, die 30-59 Tage vor Ankunft erfolgen, wird eine Stornogeb\u00fchr in H\u00f6he von 50 % des Gesamtaufenthaltsbetrags f\u00e4llig.<br \/>\u2022 Bei Stornierungen, die 29 Tage oder weniger vor Ankunft erfolgen, oder bei Nichtanreise (No-Shows) wird eine Stornogeb\u00fchr in H\u00f6he von 100 % des Gesamtaufenthaltsbetrags f\u00e4llig.<\/p><p>\u00a0<\/p><p class=\"ds-markdown-paragraph\"><strong>F\u00fcr die Imperial Beach Villa<\/strong><br \/>F\u00fcr Aufenthaltszeitr\u00e4ume 07. Januar 2025 \u2013 25. Dezember 2025 und 07. Januar 2026 \u2013 25. Dezember 2026:<br \/>\u2022 Kostenlose Stornierung bis zu 30 Tage vor Ankunft.<br \/>\u2022 Bei Stornierungen, die 29 Tage oder weniger vor Ankunft erfolgen, wird eine Stornogeb\u00fchr in H\u00f6he von 50 % des Gesamtaufenthaltsbetrags f\u00e4llig.<br \/>\u2022 Bei Nichtanreise (No-Shows) wird eine Stornogeb\u00fchr in H\u00f6he von 100 % des Gesamtaufenthaltsbetrags f\u00e4llig.<br \/>F\u00fcr Reisezeitr\u00e4ume 26. Dezember 2025 \u2013 06. Januar 2026 und 26. Dezember 2026 \u2013 05. Januar 2027:<br \/>\u2022 Kostenlose Stornierung bis zu 60 Tage vor Ankunft.<br \/>\u2022 Bei Stornierungen, die 59 Tage oder weniger vor Ankunft erfolgen, oder bei Nichtanreise (No-Shows) wird eine Stornogeb\u00fchr in H\u00f6he von 100 % des Gesamtaufenthaltsbetrags f\u00e4llig.<\/p>\t\t\t\t\t\t<\/div>\n\t\t\t\t<\/div>\n\t\t\t\t\t<\/div>\n\t\t<\/div>\n\t\t\t\t\t<\/div>\n\t\t<\/section>\n\t\t\t\t<\/div>\n\t\t","protected":false},"excerpt":{"rendered":"<p>BUCHUNGEN &amp; STORNIERUNGEN PREISE Die Zimmerpreise sind in Euro (EUR) angegeben und gelten pro Suite\/Villa und Nacht. Die Preise unterliegen einer staatlichen Steuer von 15%. Die Preise, Inklusivleistungen und Zimmerbelegungen entsprechen den Angaben in Ihrer Buchungsbest\u00e4tigung, und die Preise k\u00f6nnen ohne vorherige Ank\u00fcndigung ge\u00e4ndert werden. ANKUNFT UND ABREISE Check-in ist um 14:00 Uhr und Check-out [&hellip;]<\/p>\n","protected":false},"author":1,"featured_media":0,"parent":0,"menu_order":0,"comment_status":"closed","ping_status":"closed","template":"elementor_header_footer","meta":{"_acf_changed":false,"footnotes":""},"categories":[1],"tags":[],"class_list":["post-27995","page","type-page","status-publish","hentry","category-uncategorized"],"acf":[],"yoast_head":"<!-- This site is optimized with the Yoast SEO plugin v24.3 - https:\/\/yoast.com\/wordpress\/plugins\/seo\/ -->\n<title>Buchungen &amp; stornierungen - Le Jadis Beach Resort &amp; Wellness Mauritius<\/title>\n<meta name=\"robots\" content=\"index, follow, max-snippet:-1, max-image-preview:large, max-video-preview:-1\" \/>\n<link rel=\"canonical\" href=\"https:\/\/www.lejadis.com\/de\/bookings-cancellations\/\" \/>\n<meta property=\"og:locale\" content=\"de_DE\" \/>\n<meta property=\"og:type\" content=\"article\" \/>\n<meta property=\"og:title\" content=\"Buchungen &amp; stornierungen - Le Jadis Beach Resort &amp; Wellness Mauritius\" \/>\n<meta property=\"og:description\" content=\"BUCHUNGEN &amp; STORNIERUNGEN PREISE Die Zimmerpreise sind in Euro (EUR) angegeben und gelten pro Suite\/Villa und Nacht. Die Preise unterliegen einer staatlichen Steuer von 15%. Die Preise, Inklusivleistungen und Zimmerbelegungen entsprechen den Angaben in Ihrer Buchungsbest\u00e4tigung, und die Preise k\u00f6nnen ohne vorherige Ank\u00fcndigung ge\u00e4ndert werden. ANKUNFT UND ABREISE Check-in ist um 14:00 Uhr und Check-out [&hellip;]\" \/>\n<meta property=\"og:url\" content=\"https:\/\/www.lejadis.com\/de\/bookings-cancellations\/\" \/>\n<meta property=\"og:site_name\" content=\"Le Jadis Beach Resort &amp; Wellness Mauritius\" \/>\n<meta property=\"article:publisher\" content=\"https:\/\/m.facebook.com\/LeJadisMauritius\/\" \/>\n<meta property=\"article:modified_time\" content=\"2025-12-08T11:44:33+00:00\" \/>\n<meta name=\"twitter:card\" content=\"summary_large_image\" \/>\n<meta name=\"twitter:label1\" content=\"Gesch\u00e4tzte Lesezeit\" \/>\n\t<meta name=\"twitter:data1\" content=\"5\u00a0Minuten\" \/>\n<script type=\"application\/ld+json\" class=\"yoast-schema-graph\">{\"@context\":\"https:\/\/schema.org\",\"@graph\":[{\"@type\":\"WebPage\",\"@id\":\"https:\/\/www.lejadis.com\/de\/bookings-cancellations\/\",\"url\":\"https:\/\/www.lejadis.com\/de\/bookings-cancellations\/\",\"name\":\"Buchungen & stornierungen - Le Jadis Beach Resort &amp; Wellness Mauritius\",\"isPartOf\":{\"@id\":\"https:\/\/www.lejadis.com\/de\/#website\"},\"datePublished\":\"2022-09-06T20:53:40+00:00\",\"dateModified\":\"2025-12-08T11:44:33+00:00\",\"breadcrumb\":{\"@id\":\"https:\/\/www.lejadis.com\/de\/bookings-cancellations\/#breadcrumb\"},\"inLanguage\":\"de\",\"potentialAction\":[{\"@type\":\"ReadAction\",\"target\":[\"https:\/\/www.lejadis.com\/de\/bookings-cancellations\/\"]}]},{\"@type\":\"BreadcrumbList\",\"@id\":\"https:\/\/www.lejadis.com\/de\/bookings-cancellations\/#breadcrumb\",\"itemListElement\":[{\"@type\":\"ListItem\",\"position\":1,\"name\":\"Startseite\",\"item\":\"https:\/\/www.lejadis.com\/de\/\"},{\"@type\":\"ListItem\",\"position\":2,\"name\":\"Buchungen &#038; stornierungen\"}]},{\"@type\":\"WebSite\",\"@id\":\"https:\/\/www.lejadis.com\/de\/#website\",\"url\":\"https:\/\/www.lejadis.com\/de\/\",\"name\":\"Le Jadis Beach Resort &amp; Wellness Mauritius\",\"description\":\"Best 5-Star Hotel\",\"publisher\":{\"@id\":\"https:\/\/www.lejadis.com\/de\/#organization\"},\"potentialAction\":[{\"@type\":\"SearchAction\",\"target\":{\"@type\":\"EntryPoint\",\"urlTemplate\":\"https:\/\/www.lejadis.com\/de\/?s={search_term_string}\"},\"query-input\":{\"@type\":\"PropertyValueSpecification\",\"valueRequired\":true,\"valueName\":\"search_term_string\"}}],\"inLanguage\":\"de\"},{\"@type\":\"Organization\",\"@id\":\"https:\/\/www.lejadis.com\/de\/#organization\",\"name\":\"Le Jadis Beach Resort &amp; Wellness Mauritius\",\"url\":\"https:\/\/www.lejadis.com\/de\/\",\"logo\":{\"@type\":\"ImageObject\",\"inLanguage\":\"de\",\"@id\":\"https:\/\/www.lejadis.com\/de\/#\/schema\/logo\/image\/\",\"url\":\"https:\/\/www.lejadis.com\/wp-content\/uploads\/2022\/04\/logo-hover.webp\",\"contentUrl\":\"https:\/\/www.lejadis.com\/wp-content\/uploads\/2022\/04\/logo-hover.webp\",\"width\":247,\"height\":100,\"caption\":\"Le Jadis Beach Resort &amp; Wellness Mauritius\"},\"image\":{\"@id\":\"https:\/\/www.lejadis.com\/de\/#\/schema\/logo\/image\/\"},\"sameAs\":[\"https:\/\/m.facebook.com\/LeJadisMauritius\/\"]}]}<\/script>\n<!-- \/ Yoast SEO plugin. -->","yoast_head_json":{"title":"Buchungen & stornierungen - Le Jadis Beach Resort &amp; Wellness Mauritius","robots":{"index":"index","follow":"follow","max-snippet":"max-snippet:-1","max-image-preview":"max-image-preview:large","max-video-preview":"max-video-preview:-1"},"canonical":"https:\/\/www.lejadis.com\/de\/bookings-cancellations\/","og_locale":"de_DE","og_type":"article","og_title":"Buchungen & stornierungen - Le Jadis Beach Resort &amp; Wellness Mauritius","og_description":"BUCHUNGEN &amp; STORNIERUNGEN PREISE Die Zimmerpreise sind in Euro (EUR) angegeben und gelten pro Suite\/Villa und Nacht. Die Preise unterliegen einer staatlichen Steuer von 15%. Die Preise, Inklusivleistungen und Zimmerbelegungen entsprechen den Angaben in Ihrer Buchungsbest\u00e4tigung, und die Preise k\u00f6nnen ohne vorherige Ank\u00fcndigung ge\u00e4ndert werden. ANKUNFT UND ABREISE Check-in ist um 14:00 Uhr und Check-out [&hellip;]","og_url":"https:\/\/www.lejadis.com\/de\/bookings-cancellations\/","og_site_name":"Le Jadis Beach Resort &amp; Wellness Mauritius","article_publisher":"https:\/\/m.facebook.com\/LeJadisMauritius\/","article_modified_time":"2025-12-08T11:44:33+00:00","twitter_card":"summary_large_image","twitter_misc":{"Gesch\u00e4tzte Lesezeit":"5\u00a0Minuten"},"schema":{"@context":"https:\/\/schema.org","@graph":[{"@type":"WebPage","@id":"https:\/\/www.lejadis.com\/de\/bookings-cancellations\/","url":"https:\/\/www.lejadis.com\/de\/bookings-cancellations\/","name":"Buchungen & stornierungen - Le Jadis Beach Resort &amp; Wellness Mauritius","isPartOf":{"@id":"https:\/\/www.lejadis.com\/de\/#website"},"datePublished":"2022-09-06T20:53:40+00:00","dateModified":"2025-12-08T11:44:33+00:00","breadcrumb":{"@id":"https:\/\/www.lejadis.com\/de\/bookings-cancellations\/#breadcrumb"},"inLanguage":"de","potentialAction":[{"@type":"ReadAction","target":["https:\/\/www.lejadis.com\/de\/bookings-cancellations\/"]}]},{"@type":"BreadcrumbList","@id":"https:\/\/www.lejadis.com\/de\/bookings-cancellations\/#breadcrumb","itemListElement":[{"@type":"ListItem","position":1,"name":"Startseite","item":"https:\/\/www.lejadis.com\/de\/"},{"@type":"ListItem","position":2,"name":"Buchungen &#038; stornierungen"}]},{"@type":"WebSite","@id":"https:\/\/www.lejadis.com\/de\/#website","url":"https:\/\/www.lejadis.com\/de\/","name":"Le Jadis Beach Resort &amp; Wellness Mauritius","description":"Best 5-Star Hotel","publisher":{"@id":"https:\/\/www.lejadis.com\/de\/#organization"},"potentialAction":[{"@type":"SearchAction","target":{"@type":"EntryPoint","urlTemplate":"https:\/\/www.lejadis.com\/de\/?s={search_term_string}"},"query-input":{"@type":"PropertyValueSpecification","valueRequired":true,"valueName":"search_term_string"}}],"inLanguage":"de"},{"@type":"Organization","@id":"https:\/\/www.lejadis.com\/de\/#organization","name":"Le Jadis Beach Resort &amp; Wellness Mauritius","url":"https:\/\/www.lejadis.com\/de\/","logo":{"@type":"ImageObject","inLanguage":"de","@id":"https:\/\/www.lejadis.com\/de\/#\/schema\/logo\/image\/","url":"https:\/\/www.lejadis.com\/wp-content\/uploads\/2022\/04\/logo-hover.webp","contentUrl":"https:\/\/www.lejadis.com\/wp-content\/uploads\/2022\/04\/logo-hover.webp","width":247,"height":100,"caption":"Le Jadis Beach Resort &amp; Wellness Mauritius"},"image":{"@id":"https:\/\/www.lejadis.com\/de\/#\/schema\/logo\/image\/"},"sameAs":["https:\/\/m.facebook.com\/LeJadisMauritius\/"]}]}},"_links":{"self":[{"href":"https:\/\/www.lejadis.com\/de\/wp-json\/wp\/v2\/pages\/27995","targetHints":{"allow":["GET"]}}],"collection":[{"href":"https:\/\/www.lejadis.com\/de\/wp-json\/wp\/v2\/pages"}],"about":[{"href":"https:\/\/www.lejadis.com\/de\/wp-json\/wp\/v2\/types\/page"}],"author":[{"embeddable":true,"href":"https:\/\/www.lejadis.com\/de\/wp-json\/wp\/v2\/users\/1"}],"replies":[{"embeddable":true,"href":"https:\/\/www.lejadis.com\/de\/wp-json\/wp\/v2\/comments?post=27995"}],"version-history":[{"count":30,"href":"https:\/\/www.lejadis.com\/de\/wp-json\/wp\/v2\/pages\/27995\/revisions"}],"predecessor-version":[{"id":45455,"href":"https:\/\/www.lejadis.com\/de\/wp-json\/wp\/v2\/pages\/27995\/revisions\/45455"}],"wp:attachment":[{"href":"https:\/\/www.lejadis.com\/de\/wp-json\/wp\/v2\/media?parent=27995"}],"wp:term":[{"taxonomy":"category","embeddable":true,"href":"https:\/\/www.lejadis.com\/de\/wp-json\/wp\/v2\/categories?post=27995"},{"taxonomy":"post_tag","embeddable":true,"href":"https:\/\/www.lejadis.com\/de\/wp-json\/wp\/v2\/tags?post=27995"}],"curies":[{"name":"wp","href":"https:\/\/api.w.org\/{rel}","templated":true}]}}