{"id":25678,"date":"2022-09-21T10:05:38","date_gmt":"2022-09-21T10:05:38","guid":{"rendered":"http:\/\/www.lejadis.com\/einrichtungen\/"},"modified":"2023-03-07T13:15:34","modified_gmt":"2023-03-07T13:15:34","slug":"amenities","status":"publish","type":"page","link":"https:\/\/www.lejadis.com\/de\/luxury-suites-villa\/amenities\/","title":{"rendered":"Allgemeine zimmerausstattung"},"content":{"rendered":"\t\t<div data-elementor-type=\"wp-page\" data-elementor-id=\"25678\" class=\"elementor elementor-25678 elementor-21713\" data-elementor-post-type=\"page\">\n\t\t\t\t\t\t<section class=\"elementor-section elementor-top-section elementor-element elementor-element-f9566a1 elementor-section-items-bottom elementor-section-height-min-height elementor-section-boxed elementor-section-height-default\" data-id=\"f9566a1\" data-element_type=\"section\" id=\"top\" data-settings=\"{&quot;background_background&quot;:&quot;classic&quot;}\">\n\t\t\t\t\t\t<div class=\"elementor-container elementor-column-gap-custom\">\n\t\t\t\t\t<div class=\"elementor-column elementor-col-100 elementor-top-column elementor-element elementor-element-f1bd481\" data-id=\"f1bd481\" data-element_type=\"column\">\n\t\t\t<div class=\"elementor-widget-wrap elementor-element-populated\">\n\t\t\t\t\t\t<div class=\"elementor-element elementor-element-1c42840 elementor-widget elementor-widget-heading\" data-id=\"1c42840\" data-element_type=\"widget\" data-widget_type=\"heading.default\">\n\t\t\t\t<div class=\"elementor-widget-container\">\n\t\t\t<style>\/*! elementor - v3.23.0 - 05-08-2024 *\/\n.elementor-heading-title{padding:0;margin:0;line-height:1}.elementor-widget-heading .elementor-heading-title[class*=elementor-size-]>a{color:inherit;font-size:inherit;line-height:inherit}.elementor-widget-heading .elementor-heading-title.elementor-size-small{font-size:15px}.elementor-widget-heading .elementor-heading-title.elementor-size-medium{font-size:19px}.elementor-widget-heading .elementor-heading-title.elementor-size-large{font-size:29px}.elementor-widget-heading .elementor-heading-title.elementor-size-xl{font-size:39px}.elementor-widget-heading .elementor-heading-title.elementor-size-xxl{font-size:59px}<\/style><h2 class=\"elementor-heading-title elementor-size-default\">ALLGEMEINE ZIMMERAUSSTATTUNG<\/h2>\t\t<\/div>\n\t\t\t\t<\/div>\n\t\t\t\t\t<\/div>\n\t\t<\/div>\n\t\t\t\t\t<\/div>\n\t\t<\/section>\n\t\t\t\t<section class=\"elementor-section elementor-top-section elementor-element elementor-element-a2747e3 booking-widget elementor-section-boxed elementor-section-height-default elementor-section-height-default\" data-id=\"a2747e3\" data-element_type=\"section\">\n\t\t\t\t\t\t<div class=\"elementor-container elementor-column-gap-custom\">\n\t\t\t\t\t<div class=\"elementor-column elementor-col-100 elementor-top-column elementor-element elementor-element-71f0cee\" data-id=\"71f0cee\" data-element_type=\"column\">\n\t\t\t<div class=\"elementor-widget-wrap elementor-element-populated\">\n\t\t\t\t\t\t<div class=\"elementor-element elementor-element-da058d9 elementor-widget elementor-widget-global elementor-global-16241 elementor-widget-html\" data-id=\"da058d9\" data-element_type=\"widget\" data-widget_type=\"html.default\">\n\t\t\t\t<div class=\"elementor-widget-container\">\n\t\t\t<script src=\"https:\/\/hotels.cloudbeds.com\/widget\/load\/KziUki\/horiz?newWindow=1\"><\/script>\r\n\r\n\t\t<\/div>\n\t\t\t\t<\/div>\n\t\t\t\t\t<\/div>\n\t\t<\/div>\n\t\t\t\t\t<\/div>\n\t\t<\/section>\n\t\t\t\t<section class=\"elementor-section elementor-top-section elementor-element elementor-element-c90bc7a elementor-section-boxed elementor-section-height-default elementor-section-height-default\" data-id=\"c90bc7a\" data-element_type=\"section\">\n\t\t\t\t\t\t<div class=\"elementor-container elementor-column-gap-custom\">\n\t\t\t\t\t<div class=\"elementor-column elementor-col-100 elementor-top-column elementor-element elementor-element-c2dc59b\" data-id=\"c2dc59b\" data-element_type=\"column\">\n\t\t\t<div class=\"elementor-widget-wrap elementor-element-populated\">\n\t\t\t\t\t\t<div class=\"elementor-element elementor-element-68dbacc elementor-widget elementor-widget-global elementor-global-21961 elementor-widget-breadcrumbs\" data-id=\"68dbacc\" data-element_type=\"widget\" data-widget_type=\"breadcrumbs.default\">\n\t\t\t\t<div class=\"elementor-widget-container\">\n\t\t\t<link rel=\"stylesheet\" href=\"https:\/\/www.lejadis.com\/wp-content\/plugins\/elementor-pro\/assets\/css\/widget-theme-elements.min.css?ver=1724973211\"><p id=\"breadcrumbs\"><span><span><a href=\"https:\/\/www.lejadis.com\/de\/\">Startseite<\/a><\/span><\/span><\/p>\t\t<\/div>\n\t\t\t\t<\/div>\n\t\t\t\t\t<\/div>\n\t\t<\/div>\n\t\t\t\t\t<\/div>\n\t\t<\/section>\n\t\t\t\t<section class=\"elementor-section elementor-top-section elementor-element elementor-element-338491c elementor-section-boxed elementor-section-height-default elementor-section-height-default\" data-id=\"338491c\" data-element_type=\"section\">\n\t\t\t\t\t\t<div class=\"elementor-container elementor-column-gap-custom\">\n\t\t\t\t\t<div class=\"elementor-column elementor-col-50 elementor-top-column elementor-element elementor-element-637cbc1\" data-id=\"637cbc1\" data-element_type=\"column\" data-settings=\"{&quot;background_background&quot;:&quot;classic&quot;}\">\n\t\t\t<div class=\"elementor-widget-wrap elementor-element-populated\">\n\t\t\t\t\t\t<div class=\"elementor-element elementor-element-024caea elementor-icon-list--layout-traditional elementor-list-item-link-full_width elementor-widget elementor-widget-icon-list\" data-id=\"024caea\" data-element_type=\"widget\" data-widget_type=\"icon-list.default\">\n\t\t\t\t<div class=\"elementor-widget-container\">\n\t\t\t<link rel=\"stylesheet\" href=\"https:\/\/www.lejadis.com\/wp-content\/uploads\/elementor\/css\/custom-widget-icon-list.min.css?ver=1728730711\">\t\t<ul class=\"elementor-icon-list-items\">\n\t\t\t\t\t\t\t<li class=\"elementor-icon-list-item\">\n\t\t\t\t\t\t\t\t\t\t<span class=\"elementor-icon-list-text\">ZIMMERAUSSTATTUNG & MERKMALE<\/span>\n\t\t\t\t\t\t\t\t\t<\/li>\n\t\t\t\t\t\t<\/ul>\n\t\t\t\t<\/div>\n\t\t\t\t<\/div>\n\t\t\t\t<div class=\"elementor-element elementor-element-c3361b4 elementor-widget elementor-widget-text-editor\" data-id=\"c3361b4\" data-element_type=\"widget\" data-widget_type=\"text-editor.default\">\n\t\t\t\t<div class=\"elementor-widget-container\">\n\t\t\t<style>\/*! elementor - v3.23.0 - 05-08-2024 *\/\n.elementor-widget-text-editor.elementor-drop-cap-view-stacked .elementor-drop-cap{background-color:#69727d;color:#fff}.elementor-widget-text-editor.elementor-drop-cap-view-framed .elementor-drop-cap{color:#69727d;border:3px solid;background-color:transparent}.elementor-widget-text-editor:not(.elementor-drop-cap-view-default) .elementor-drop-cap{margin-top:8px}.elementor-widget-text-editor:not(.elementor-drop-cap-view-default) .elementor-drop-cap-letter{width:1em;height:1em}.elementor-widget-text-editor .elementor-drop-cap{float:left;text-align:center;line-height:1;font-size:50px}.elementor-widget-text-editor .elementor-drop-cap-letter{display:inline-block}<\/style>\t\t\t\t<ul>\n<li>Massivholzb\u00f6den, Marmor und Naturstein<\/li>\n<li style=\"font-weight: 400;\" aria-level=\"1\"><span style=\"font-weight: 400;\">Gro\u00dfer Arbeitstisch<\/span><\/li>\n<li style=\"font-weight: 400;\" aria-level=\"1\"><span style=\"font-weight: 400;\">Reichlich Schubladen und Schr\u00e4nke zur Aufbewahrung<\/span><\/li>\n<li style=\"font-weight: 400;\" aria-level=\"1\"><span style=\"font-weight: 400;\">Tee- und Kaffeezubereitungsm\u00f6glichkeiten, inkl. Nespresso-Maschine mit kostenlosen Kaffeepads<\/span><\/li>\n<li>Minibar<\/li>\n<li style=\"font-weight: 400;\" aria-level=\"1\"><span style=\"font-weight: 400;\">Elektronischer Safe im Zimmer<\/span><\/li>\n<li style=\"font-weight: 400;\" aria-level=\"1\"><span style=\"font-weight: 400;\">B\u00fcgeleisen und B\u00fcgelbrett<\/span><\/li>\n<li style=\"font-weight: 400;\" aria-level=\"1\"><span style=\"font-weight: 400;\">Individuell regulierbare Klimaanlage und Deckenventilator<\/span><\/li>\n<li style=\"font-weight: 400;\" aria-level=\"1\"><span style=\"font-weight: 400;\">Zweimal t\u00e4glicher Reinigungsservice<\/span><\/li>\n<li style=\"font-weight: 400;\" aria-level=\"1\"><span style=\"font-weight: 400;\">Kostenloses Wasser<\/span><\/li>\n<\/ul>\n\t\t\t\t\t\t<\/div>\n\t\t\t\t<\/div>\n\t\t\t\t<div class=\"elementor-element elementor-element-60305f4 elementor-icon-list--layout-traditional elementor-list-item-link-full_width elementor-widget elementor-widget-icon-list\" data-id=\"60305f4\" data-element_type=\"widget\" data-widget_type=\"icon-list.default\">\n\t\t\t\t<div class=\"elementor-widget-container\">\n\t\t\t\t\t<ul class=\"elementor-icon-list-items\">\n\t\t\t\t\t\t\t<li class=\"elementor-icon-list-item\">\n\t\t\t\t\t\t\t\t\t\t<span class=\"elementor-icon-list-text\">TECHNOLOGIE<\/span>\n\t\t\t\t\t\t\t\t\t<\/li>\n\t\t\t\t\t\t<\/ul>\n\t\t\t\t<\/div>\n\t\t\t\t<\/div>\n\t\t\t\t<div class=\"elementor-element elementor-element-8f180a5 elementor-widget elementor-widget-text-editor\" data-id=\"8f180a5\" data-element_type=\"widget\" data-widget_type=\"text-editor.default\">\n\t\t\t\t<div class=\"elementor-widget-container\">\n\t\t\t\t\t\t\t<ul>\n<li style=\"font-weight: 400;\" aria-level=\"1\"><span style=\"font-weight: 400;\">Kostenloses Premium-Wi-Fi<\/span><\/li>\n<li style=\"font-weight: 400;\" aria-level=\"1\"><span style=\"font-weight: 400;\">LED- oder LCD-Fernseher mit vollem Kabelanschluss\u00a0<\/span><\/li>\n<li style=\"font-weight: 400;\" aria-level=\"1\"><span style=\"font-weight: 400;\">Ipod, CD-USB-Audioplayer (au\u00dfer Luxus-Lagoona-Suiten, Wellness-Oasen- Suiten)<\/span><\/li>\n<\/ul>\n\t\t\t\t\t\t<\/div>\n\t\t\t\t<\/div>\n\t\t\t\t<div class=\"elementor-element elementor-element-46215d5 elementor-icon-list--layout-traditional elementor-list-item-link-full_width elementor-widget elementor-widget-icon-list\" data-id=\"46215d5\" data-element_type=\"widget\" data-widget_type=\"icon-list.default\">\n\t\t\t\t<div class=\"elementor-widget-container\">\n\t\t\t\t\t<ul class=\"elementor-icon-list-items\">\n\t\t\t\t\t\t\t<li class=\"elementor-icon-list-item\">\n\t\t\t\t\t\t\t\t\t\t<span class=\"elementor-icon-list-text\">N\u00dcTZLICHER SERVICE MIT ZUSATZKOSTEN<\/span>\n\t\t\t\t\t\t\t\t\t<\/li>\n\t\t\t\t\t\t<\/ul>\n\t\t\t\t<\/div>\n\t\t\t\t<\/div>\n\t\t\t\t<div class=\"elementor-element elementor-element-250a99d elementor-widget elementor-widget-text-editor\" data-id=\"250a99d\" data-element_type=\"widget\" data-widget_type=\"text-editor.default\">\n\t\t\t\t<div class=\"elementor-widget-container\">\n\t\t\t\t\t\t\t<ul>\n<li style=\"font-weight: 400;\" aria-level=\"1\"><span style=\"font-weight: 400;\">Abendessen in der Suite oder in der Villa rund um die Uhr erh\u00e4ltlich<\/span><\/li>\n<li style=\"font-weight: 400;\" aria-level=\"1\"><span style=\"font-weight: 400;\">Einrichtung f\u00fcr intime Momente\u00a0<\/span><\/li>\n<li style=\"font-weight: 400;\" aria-level=\"1\"><span style=\"font-weight: 400;\">Romantisches Baderlebnis<\/span><\/li>\n<\/ul>\n\t\t\t\t\t\t<\/div>\n\t\t\t\t<\/div>\n\t\t\t\t\t<\/div>\n\t\t<\/div>\n\t\t\t\t<div class=\"elementor-column elementor-col-50 elementor-top-column elementor-element elementor-element-7c61f63\" data-id=\"7c61f63\" data-element_type=\"column\" data-settings=\"{&quot;background_background&quot;:&quot;classic&quot;}\">\n\t\t\t<div class=\"elementor-widget-wrap elementor-element-populated\">\n\t\t\t\t\t\t<div class=\"elementor-element elementor-element-ae7687e elementor-icon-list--layout-traditional elementor-list-item-link-full_width elementor-widget elementor-widget-icon-list\" data-id=\"ae7687e\" data-element_type=\"widget\" data-widget_type=\"icon-list.default\">\n\t\t\t\t<div class=\"elementor-widget-container\">\n\t\t\t\t\t<ul class=\"elementor-icon-list-items\">\n\t\t\t\t\t\t\t<li class=\"elementor-icon-list-item\">\n\t\t\t\t\t\t\t\t\t\t<span class=\"elementor-icon-list-text\">BETT & BADEZIMMER<\/span>\n\t\t\t\t\t\t\t\t\t<\/li>\n\t\t\t\t\t\t<\/ul>\n\t\t\t\t<\/div>\n\t\t\t\t<\/div>\n\t\t\t\t<div class=\"elementor-element elementor-element-067533a elementor-widget elementor-widget-text-editor\" data-id=\"067533a\" data-element_type=\"widget\" data-widget_type=\"text-editor.default\">\n\t\t\t\t<div class=\"elementor-widget-container\">\n\t\t\t\t\t\t\t<ul>\n<li style=\"font-weight: 400;\" aria-level=\"1\"><span style=\"font-weight: 400;\">Doppelwaschtisch mit Make-up- und Rasierspiegel (au\u00dfer Rubia-Wellness- Oase mit Garten, Lilien-Wellness-Oase)<\/span><\/li>\n<li><span style=\"font-weight: 400;\">Badem\u00e4ntel und Hausschuhe<\/span><\/li>\n<li>Toilettenartikel (Hinweis: Unsere Verpackungen sind biologisch abbaubar, 100% baumfrei und mit umweltfreundlicher Tinte bedruckt, so dass Wasser und Luft bei der Herstellung nicht belastet werden)<\/li>\n<li>Pers\u00f6nliches Pflegeset<\/li>\n<li>Haartrockner<\/li>\n<li>Babybett (auf Anfrage und je nach Verf\u00fcgbarkeit)<\/li>\n<li>Zustellbett (auf Anfrage und nach Verf\u00fcgbarkeit erh\u00e4ltlich)<\/li>\n<\/ul>\n\t\t\t\t\t\t<\/div>\n\t\t\t\t<\/div>\n\t\t\t\t<div class=\"elementor-element elementor-element-9e95786 elementor-icon-list--layout-traditional elementor-list-item-link-full_width elementor-widget elementor-widget-icon-list\" data-id=\"9e95786\" data-element_type=\"widget\" data-widget_type=\"icon-list.default\">\n\t\t\t\t<div class=\"elementor-widget-container\">\n\t\t\t\t\t<ul class=\"elementor-icon-list-items\">\n\t\t\t\t\t\t\t<li class=\"elementor-icon-list-item\">\n\t\t\t\t\t\t\t\t\t\t<span class=\"elementor-icon-list-text\">ANNEHMLICHKEITEN AM STRAND (kostenlos)<\/span>\n\t\t\t\t\t\t\t\t\t<\/li>\n\t\t\t\t\t\t<\/ul>\n\t\t\t\t<\/div>\n\t\t\t\t<\/div>\n\t\t\t\t<div class=\"elementor-element elementor-element-2709ff7 elementor-widget elementor-widget-text-editor\" data-id=\"2709ff7\" data-element_type=\"widget\" data-widget_type=\"text-editor.default\">\n\t\t\t\t<div class=\"elementor-widget-container\">\n\t\t\t\t\t\t\t<ul>\n<li><span style=\"font-weight: 400;\">Brillenreinigungsspray<\/span><\/li>\n<li style=\"font-weight: 400;\" aria-level=\"1\"><span style=\"font-weight: 400;\">Erfrischendes Gesichtsspray<\/span><\/li>\n<li style=\"font-weight: 400;\" aria-level=\"1\"><span style=\"font-weight: 400;\">Kaltes Wasser<\/span><\/li>\n<li><span style=\"font-weight: 400;\">Gesichtshandt\u00fccher<\/span><\/li>\n<\/ul>\n\t\t\t\t\t\t<\/div>\n\t\t\t\t<\/div>\n\t\t\t\t\t<\/div>\n\t\t<\/div>\n\t\t\t\t\t<\/div>\n\t\t<\/section>\n\t\t\t\t<\/div>\n\t\t","protected":false},"excerpt":{"rendered":"<p>ALLGEMEINE ZIMMERAUSSTATTUNG ZIMMERAUSSTATTUNG &#038; MERKMALE Massivholzb\u00f6den, Marmor und Naturstein Gro\u00dfer Arbeitstisch Reichlich Schubladen und Schr\u00e4nke zur Aufbewahrung Tee- und Kaffeezubereitungsm\u00f6glichkeiten, inkl. Nespresso-Maschine mit kostenlosen Kaffeepads Minibar Elektronischer Safe im Zimmer B\u00fcgeleisen und B\u00fcgelbrett Individuell regulierbare Klimaanlage und Deckenventilator Zweimal t\u00e4glicher Reinigungsservice Kostenloses Wasser TECHNOLOGIE Kostenloses Premium-Wi-Fi LED- oder LCD-Fernseher mit vollem Kabelanschluss\u00a0 Ipod, CD-USB-Audioplayer (au\u00dfer [&hellip;]<\/p>\n","protected":false},"author":1,"featured_media":0,"parent":28112,"menu_order":0,"comment_status":"closed","ping_status":"closed","template":"elementor_header_footer","meta":{"_acf_changed":false,"footnotes":""},"categories":[1],"tags":[],"class_list":["post-25678","page","type-page","status-publish","hentry","category-uncategorized"],"acf":[],"yoast_head":"<!-- This site is optimized with the Yoast SEO plugin v27.4 - https:\/\/yoast.com\/product\/yoast-seo-wordpress\/ -->\n<title>Allgemeine zimmerausstattung - Le Jadis Beach Resort &amp; Wellness Mauritius<\/title>\n<meta name=\"robots\" content=\"index, follow, max-snippet:-1, max-image-preview:large, max-video-preview:-1\" \/>\n<link rel=\"canonical\" href=\"https:\/\/www.lejadis.com\/de\/luxury-suites-villa\/amenities\/\" \/>\n<meta property=\"og:locale\" content=\"de_DE\" \/>\n<meta property=\"og:type\" content=\"article\" \/>\n<meta property=\"og:title\" content=\"Allgemeine zimmerausstattung - Le Jadis Beach Resort &amp; Wellness Mauritius\" \/>\n<meta property=\"og:description\" content=\"ALLGEMEINE ZIMMERAUSSTATTUNG ZIMMERAUSSTATTUNG &#038; MERKMALE Massivholzb\u00f6den, Marmor und Naturstein Gro\u00dfer Arbeitstisch Reichlich Schubladen und Schr\u00e4nke zur Aufbewahrung Tee- und Kaffeezubereitungsm\u00f6glichkeiten, inkl. Nespresso-Maschine mit kostenlosen Kaffeepads Minibar Elektronischer Safe im Zimmer B\u00fcgeleisen und B\u00fcgelbrett Individuell regulierbare Klimaanlage und Deckenventilator Zweimal t\u00e4glicher Reinigungsservice Kostenloses Wasser TECHNOLOGIE Kostenloses Premium-Wi-Fi LED- oder LCD-Fernseher mit vollem Kabelanschluss\u00a0 Ipod, CD-USB-Audioplayer (au\u00dfer [&hellip;]\" \/>\n<meta property=\"og:url\" content=\"https:\/\/www.lejadis.com\/de\/luxury-suites-villa\/amenities\/\" \/>\n<meta property=\"og:site_name\" content=\"Le Jadis Beach Resort &amp; Wellness Mauritius\" \/>\n<meta property=\"article:publisher\" content=\"https:\/\/m.facebook.com\/LeJadisMauritius\/\" \/>\n<meta property=\"article:modified_time\" content=\"2023-03-07T13:15:34+00:00\" \/>\n<meta name=\"twitter:card\" content=\"summary_large_image\" \/>\n<meta name=\"twitter:label1\" content=\"Gesch\u00e4tzte Lesezeit\" \/>\n\t<meta name=\"twitter:data1\" content=\"1\u00a0Minute\" \/>\n<script type=\"application\/ld+json\" class=\"yoast-schema-graph\">{\"@context\":\"https:\\\/\\\/schema.org\",\"@graph\":[{\"@type\":\"WebPage\",\"@id\":\"https:\\\/\\\/www.lejadis.com\\\/de\\\/luxury-suites-villa\\\/amenities\\\/\",\"url\":\"https:\\\/\\\/www.lejadis.com\\\/de\\\/luxury-suites-villa\\\/amenities\\\/\",\"name\":\"Allgemeine zimmerausstattung - Le Jadis Beach Resort &amp; Wellness Mauritius\",\"isPartOf\":{\"@id\":\"https:\\\/\\\/www.lejadis.com\\\/de\\\/#website\"},\"datePublished\":\"2022-09-21T10:05:38+00:00\",\"dateModified\":\"2023-03-07T13:15:34+00:00\",\"breadcrumb\":{\"@id\":\"https:\\\/\\\/www.lejadis.com\\\/de\\\/luxury-suites-villa\\\/amenities\\\/#breadcrumb\"},\"inLanguage\":\"de\",\"potentialAction\":[{\"@type\":\"ReadAction\",\"target\":[\"https:\\\/\\\/www.lejadis.com\\\/de\\\/luxury-suites-villa\\\/amenities\\\/\"]}]},{\"@type\":\"BreadcrumbList\",\"@id\":\"https:\\\/\\\/www.lejadis.com\\\/de\\\/luxury-suites-villa\\\/amenities\\\/#breadcrumb\",\"itemListElement\":[{\"@type\":\"ListItem\",\"position\":1,\"name\":\"Startseite\",\"item\":\"https:\\\/\\\/www.lejadis.com\\\/de\\\/\"},{\"@type\":\"ListItem\",\"position\":2,\"name\":\"Luxus-suiten &#038; villen\",\"item\":\"https:\\\/\\\/www.lejadis.com\\\/de\\\/luxury-suites-villa\\\/\"},{\"@type\":\"ListItem\",\"position\":3,\"name\":\"Allgemeine zimmerausstattung\"}]},{\"@type\":\"WebSite\",\"@id\":\"https:\\\/\\\/www.lejadis.com\\\/de\\\/#website\",\"url\":\"https:\\\/\\\/www.lejadis.com\\\/de\\\/\",\"name\":\"Le Jadis Beach Resort &amp; Wellness Mauritius\",\"description\":\"Best 5-Star Hotel\",\"publisher\":{\"@id\":\"https:\\\/\\\/www.lejadis.com\\\/de\\\/#organization\"},\"potentialAction\":[{\"@type\":\"SearchAction\",\"target\":{\"@type\":\"EntryPoint\",\"urlTemplate\":\"https:\\\/\\\/www.lejadis.com\\\/de\\\/?s={search_term_string}\"},\"query-input\":{\"@type\":\"PropertyValueSpecification\",\"valueRequired\":true,\"valueName\":\"search_term_string\"}}],\"inLanguage\":\"de\"},{\"@type\":\"Organization\",\"@id\":\"https:\\\/\\\/www.lejadis.com\\\/de\\\/#organization\",\"name\":\"Le Jadis Beach Resort &amp; Wellness Mauritius\",\"url\":\"https:\\\/\\\/www.lejadis.com\\\/de\\\/\",\"logo\":{\"@type\":\"ImageObject\",\"inLanguage\":\"de\",\"@id\":\"https:\\\/\\\/www.lejadis.com\\\/de\\\/#\\\/schema\\\/logo\\\/image\\\/\",\"url\":\"https:\\\/\\\/www.lejadis.com\\\/wp-content\\\/uploads\\\/2022\\\/04\\\/logo-hover.webp\",\"contentUrl\":\"https:\\\/\\\/www.lejadis.com\\\/wp-content\\\/uploads\\\/2022\\\/04\\\/logo-hover.webp\",\"width\":247,\"height\":100,\"caption\":\"Le Jadis Beach Resort &amp; Wellness Mauritius\"},\"image\":{\"@id\":\"https:\\\/\\\/www.lejadis.com\\\/de\\\/#\\\/schema\\\/logo\\\/image\\\/\"},\"sameAs\":[\"https:\\\/\\\/m.facebook.com\\\/LeJadisMauritius\\\/\"]}]}<\/script>\n<!-- \/ Yoast SEO plugin. -->","yoast_head_json":{"title":"Allgemeine zimmerausstattung - Le Jadis Beach Resort &amp; Wellness Mauritius","robots":{"index":"index","follow":"follow","max-snippet":"max-snippet:-1","max-image-preview":"max-image-preview:large","max-video-preview":"max-video-preview:-1"},"canonical":"https:\/\/www.lejadis.com\/de\/luxury-suites-villa\/amenities\/","og_locale":"de_DE","og_type":"article","og_title":"Allgemeine zimmerausstattung - Le Jadis Beach Resort &amp; Wellness Mauritius","og_description":"ALLGEMEINE ZIMMERAUSSTATTUNG ZIMMERAUSSTATTUNG &#038; MERKMALE Massivholzb\u00f6den, Marmor und Naturstein Gro\u00dfer Arbeitstisch Reichlich Schubladen und Schr\u00e4nke zur Aufbewahrung Tee- und Kaffeezubereitungsm\u00f6glichkeiten, inkl. Nespresso-Maschine mit kostenlosen Kaffeepads Minibar Elektronischer Safe im Zimmer B\u00fcgeleisen und B\u00fcgelbrett Individuell regulierbare Klimaanlage und Deckenventilator Zweimal t\u00e4glicher Reinigungsservice Kostenloses Wasser TECHNOLOGIE Kostenloses Premium-Wi-Fi LED- oder LCD-Fernseher mit vollem Kabelanschluss\u00a0 Ipod, CD-USB-Audioplayer (au\u00dfer [&hellip;]","og_url":"https:\/\/www.lejadis.com\/de\/luxury-suites-villa\/amenities\/","og_site_name":"Le Jadis Beach Resort &amp; Wellness Mauritius","article_publisher":"https:\/\/m.facebook.com\/LeJadisMauritius\/","article_modified_time":"2023-03-07T13:15:34+00:00","twitter_card":"summary_large_image","twitter_misc":{"Gesch\u00e4tzte Lesezeit":"1\u00a0Minute"},"schema":{"@context":"https:\/\/schema.org","@graph":[{"@type":"WebPage","@id":"https:\/\/www.lejadis.com\/de\/luxury-suites-villa\/amenities\/","url":"https:\/\/www.lejadis.com\/de\/luxury-suites-villa\/amenities\/","name":"Allgemeine zimmerausstattung - Le Jadis Beach Resort &amp; Wellness Mauritius","isPartOf":{"@id":"https:\/\/www.lejadis.com\/de\/#website"},"datePublished":"2022-09-21T10:05:38+00:00","dateModified":"2023-03-07T13:15:34+00:00","breadcrumb":{"@id":"https:\/\/www.lejadis.com\/de\/luxury-suites-villa\/amenities\/#breadcrumb"},"inLanguage":"de","potentialAction":[{"@type":"ReadAction","target":["https:\/\/www.lejadis.com\/de\/luxury-suites-villa\/amenities\/"]}]},{"@type":"BreadcrumbList","@id":"https:\/\/www.lejadis.com\/de\/luxury-suites-villa\/amenities\/#breadcrumb","itemListElement":[{"@type":"ListItem","position":1,"name":"Startseite","item":"https:\/\/www.lejadis.com\/de\/"},{"@type":"ListItem","position":2,"name":"Luxus-suiten &#038; villen","item":"https:\/\/www.lejadis.com\/de\/luxury-suites-villa\/"},{"@type":"ListItem","position":3,"name":"Allgemeine zimmerausstattung"}]},{"@type":"WebSite","@id":"https:\/\/www.lejadis.com\/de\/#website","url":"https:\/\/www.lejadis.com\/de\/","name":"Le Jadis Beach Resort &amp; Wellness Mauritius","description":"Best 5-Star Hotel","publisher":{"@id":"https:\/\/www.lejadis.com\/de\/#organization"},"potentialAction":[{"@type":"SearchAction","target":{"@type":"EntryPoint","urlTemplate":"https:\/\/www.lejadis.com\/de\/?s={search_term_string}"},"query-input":{"@type":"PropertyValueSpecification","valueRequired":true,"valueName":"search_term_string"}}],"inLanguage":"de"},{"@type":"Organization","@id":"https:\/\/www.lejadis.com\/de\/#organization","name":"Le Jadis Beach Resort &amp; Wellness Mauritius","url":"https:\/\/www.lejadis.com\/de\/","logo":{"@type":"ImageObject","inLanguage":"de","@id":"https:\/\/www.lejadis.com\/de\/#\/schema\/logo\/image\/","url":"https:\/\/www.lejadis.com\/wp-content\/uploads\/2022\/04\/logo-hover.webp","contentUrl":"https:\/\/www.lejadis.com\/wp-content\/uploads\/2022\/04\/logo-hover.webp","width":247,"height":100,"caption":"Le Jadis Beach Resort &amp; Wellness Mauritius"},"image":{"@id":"https:\/\/www.lejadis.com\/de\/#\/schema\/logo\/image\/"},"sameAs":["https:\/\/m.facebook.com\/LeJadisMauritius\/"]}]}},"_links":{"self":[{"href":"https:\/\/www.lejadis.com\/de\/wp-json\/wp\/v2\/pages\/25678","targetHints":{"allow":["GET"]}}],"collection":[{"href":"https:\/\/www.lejadis.com\/de\/wp-json\/wp\/v2\/pages"}],"about":[{"href":"https:\/\/www.lejadis.com\/de\/wp-json\/wp\/v2\/types\/page"}],"author":[{"embeddable":true,"href":"https:\/\/www.lejadis.com\/de\/wp-json\/wp\/v2\/users\/1"}],"replies":[{"embeddable":true,"href":"https:\/\/www.lejadis.com\/de\/wp-json\/wp\/v2\/comments?post=25678"}],"version-history":[{"count":1,"href":"https:\/\/www.lejadis.com\/de\/wp-json\/wp\/v2\/pages\/25678\/revisions"}],"predecessor-version":[{"id":31330,"href":"https:\/\/www.lejadis.com\/de\/wp-json\/wp\/v2\/pages\/25678\/revisions\/31330"}],"up":[{"embeddable":true,"href":"https:\/\/www.lejadis.com\/de\/wp-json\/wp\/v2\/pages\/28112"}],"wp:attachment":[{"href":"https:\/\/www.lejadis.com\/de\/wp-json\/wp\/v2\/media?parent=25678"}],"wp:term":[{"taxonomy":"category","embeddable":true,"href":"https:\/\/www.lejadis.com\/de\/wp-json\/wp\/v2\/categories?post=25678"},{"taxonomy":"post_tag","embeddable":true,"href":"https:\/\/www.lejadis.com\/de\/wp-json\/wp\/v2\/tags?post=25678"}],"curies":[{"name":"wp","href":"https:\/\/api.w.org\/{rel}","templated":true}]}}